{"id":814,"date":"2018-12-13T17:47:03","date_gmt":"2018-12-13T17:47:03","guid":{"rendered":"https:\/\/www.ggs-richterich.de\/?page_id=814"},"modified":"2023-01-12T14:50:02","modified_gmt":"2023-01-12T14:50:02","slug":"ansprechpartner-ogs-richterich","status":"publish","type":"page","link":"https:\/\/www.ggs-richterich.de\/index.php\/ansprechpartner-ogs-richterich\/","title":{"rendered":"Ansprechpartner OGS Richterich"},"content":{"rendered":"<h3>Ansprechpartner:<\/h3>\n<p>Anja G\u00f6bel<br \/>Reiner Jung<br \/>B\u00fcro t\u00e4glich zwischen 9:00 Uhr \u2013 11:00 Uhr ge\u00f6ffnet<br \/>Tel: 0241\/41383158<\/p>\n<p>E-Mail: <a href=\"mailto:ogs.richterich@yahoo.de\">ogs.richterich@yahoo.de<\/a><\/p>\n\n\n<p><\/p>\n","protected":false},"excerpt":{"rendered":"<p>Ansprechpartner: Anja G\u00f6belReiner JungB\u00fcro t\u00e4glich zwischen 9:00 Uhr \u2013 11:00 Uhr ge\u00f6ffnetTel: 0241\/41383158 E-Mail: ogs.richterich@yahoo.de<\/p>\n","protected":false},"author":3,"featured_media":0,"parent":0,"menu_order":0,"comment_status":"closed","ping_status":"closed","template":"","meta":{"footnotes":""},"class_list":["post-814","page","type-page","status-publish","hentry"],"_links":{"self":[{"href":"https:\/\/www.ggs-richterich.de\/index.php\/wp-json\/wp\/v2\/pages\/814","targetHints":{"allow":["GET"]}}],"collection":[{"href":"https:\/\/www.ggs-richterich.de\/index.php\/wp-json\/wp\/v2\/pages"}],"about":[{"href":"https:\/\/www.ggs-richterich.de\/index.php\/wp-json\/wp\/v2\/types\/page"}],"author":[{"embeddable":true,"href":"https:\/\/www.ggs-richterich.de\/index.php\/wp-json\/wp\/v2\/users\/3"}],"replies":[{"embeddable":true,"href":"https:\/\/www.ggs-richterich.de\/index.php\/wp-json\/wp\/v2\/comments?post=814"}],"version-history":[{"count":17,"href":"https:\/\/www.ggs-richterich.de\/index.php\/wp-json\/wp\/v2\/pages\/814\/revisions"}],"predecessor-version":[{"id":3227,"href":"https:\/\/www.ggs-richterich.de\/index.php\/wp-json\/wp\/v2\/pages\/814\/revisions\/3227"}],"wp:attachment":[{"href":"https:\/\/www.ggs-richterich.de\/index.php\/wp-json\/wp\/v2\/media?parent=814"}],"curies":[{"name":"wp","href":"https:\/\/api.w.org\/{rel}","templated":true}]}}