{"id":760,"date":"2018-12-12T15:17:12","date_gmt":"2018-12-12T15:17:12","guid":{"rendered":"https:\/\/www.ggs-richterich.de\/?page_id=760"},"modified":"2023-08-25T10:13:52","modified_gmt":"2023-08-25T10:13:52","slug":"kosten-ogs-richterich","status":"publish","type":"page","link":"https:\/\/www.ggs-richterich.de\/index.php\/kosten-ogs-richterich\/","title":{"rendered":"Kosten OGS Richterich"},"content":{"rendered":"<p align=\"LEFT\"><span style=\"color: #808080;\"><span style=\"font-family: Arial, sans-serif;\"><span style=\"font-size: medium;\"><u><b>Kosten Elternbeitrage:<\/b><\/u><b><br \/>\n<\/b><br \/>\nDer Beitrag f\u00fcr die OGS, richtet sich nach dem Verdienst der Eltern. Folgend ist aufgef\u00fchrt, wie die Stadt Aachen die Elternbeitr\u00e4ge nach dem jeweiligen Verdienst staffelt.<br \/>\n<\/span><\/span><\/span><\/p>\n<p align=\"LEFT\"><span style=\"color: #808080;\"><span style=\"font-family: Arial, sans-serif;\"><span style=\"font-size: medium;\">Siehe <\/span><\/span><\/span><a href=\"http:\/\/aachen.de\/DE\/stadt_buerger\/politik_verwaltung\/stadtrecht\/pdfs_stadtrecht\/ogs-beitragssatzung-01082015.pdf\"><span style=\"font-family: Arial, sans-serif;\"><span style=\"font-size: medium;\">OGS BEITRAGSSATZUNG 2015.pdf<\/span><\/span><\/a><br \/>\n<span style=\"color: #808080;\"><span style=\"font-family: Arial, sans-serif;\"><span style=\"font-size: medium;\">(Satzung \u00fcber die Erhebung von Elternbeitr\u00e4gen f\u00fcr die Teilnahme von Sch\u00fclerinnen und Sch\u00fclern an au\u00dferschulischen F\u00f6rder- und Betreuungsangeboten, Fachbereich Kinder, Jugend und Schule, in der Fassung des 6. Nachtrags vom 20.05.2015)<\/span><\/span><\/span><\/p>\n<p align=\"JUSTIFY\"><strong><span style=\"color: #808080;\"><span style=\"font-family: Arial, sans-serif;\"><span style=\"font-size: medium;\">Vertragsdauer<br \/>\n<\/span><\/span><\/span><\/strong><span style=\"color: #808080;\"><span style=\"font-family: Arial, sans-serif;\"><span style=\"font-size: medium;\">Die Vertragsdauer betr\u00e4gt 1 Schuljahr und verl\u00e4ngert sich automatisch um jeweils ein weiteres Schuljahr, wenn nicht drei Monate vor Ablauf des laufenden Schuljahres (bis sp\u00e4testens 30. April) gek\u00fcndigt wird.<\/span><\/span><\/span><\/p>\n<p align=\"JUSTIFY\"><span style=\"color: #808080;\"><span style=\"font-family: Arial, sans-serif;\"><span style=\"font-size: medium;\">Vordrucke f\u00fcr K\u00fcndigungsschreiben k\u00f6nnen ebenfalls in der OGS erhalten werden.<\/span><\/span><\/span><\/p>\n<p align=\"JUSTIFY\">\n<p align=\"JUSTIFY\">\n<p align=\"JUSTIFY\"><span style=\"color: #808080;\"><span style=\"font-family: Arial, sans-serif;\"><span style=\"font-size: medium;\"><u><b>Kosten Mittagessen: <\/b><\/u><\/span><\/span><\/span><\/p>\n<p align=\"JUSTIFY\"><span style=\"color: #808080;\"><span style=\"font-family: Arial, sans-serif;\"><span style=\"font-size: medium;\"><u><b>Mittagessen<br \/>\n<\/b><\/u><\/span><\/span><\/span><span style=\"color: #808080;\"><span style=\"font-family: Arial, sans-serif;\"><span style=\"font-size: medium;\">Das Mittagessen f\u00fcr unsere Kinder beziehen wir von MIN Food aus W\u00fcrselen.<br \/>\n<\/span><\/span><\/span><\/p>\n<p align=\"JUSTIFY\"><span style=\"color: #808080;\"><span style=\"font-family: Arial, sans-serif;\"><span style=\"font-size: medium;\">Das Mittagessen, bestehend aus Hauptspeise und an 2 Tagen gibt es Nachtisch.<br \/>\nSie k\u00f6nnen zwischen drei Essenspauschalen w\u00e4hlen:<br \/>\n5 Tage\/ Woche = 70 \u20ac im Monat<br \/>\n4 Tage\/ Woche = 56 \u20ac im Monat<br \/>\nKaltesser* = 3,00 \u20ac im Monat<br \/>\n<\/span><\/span><\/span><\/p>\n<p align=\"JUSTIFY\"><span style=\"color: #999999;\">*Ihr Kind bekommt kein wames Mittagessen, sondern kann von zu Hause mitgebrachtes Essen w\u00e4hrend des gemeinsamen Mittagessens einnehmen. In den drei Euro sind Getr\u00e4nke und Snacks enthalten, die alle Kinder von uns bekommen.<\/span><\/p>\n<p align=\"JUSTIFY\"><span style=\"color: #808080;\"><span style=\"font-family: Arial, sans-serif;\"><span style=\"font-size: medium;\"><b>Zahlungsmodalit\u00e4ten:<br \/>\n<\/b><\/span><\/span><\/span><span style=\"color: #808080;\"><span style=\"font-family: Arial, sans-serif;\"><span style=\"font-size: medium;\">Die Abrechnung des Mittagessens erfolgt pauschalisiert per Lastschrifteinzug durch die AWO Kreisverband Aachen-Stadt e.V.<br \/>\n<\/span><\/span><\/span><\/p>\n","protected":false},"excerpt":{"rendered":"<p>Kosten Elternbeitrage: Der Beitrag f\u00fcr die OGS, richtet sich nach dem Verdienst der Eltern. Folgend ist aufgef\u00fchrt, wie die Stadt Aachen die Elternbeitr\u00e4ge nach dem jeweiligen Verdienst staffelt. Siehe OGS BEITRAGSSATZUNG 2015.pdf (Satzung \u00fcber die Erhebung von Elternbeitr\u00e4gen f\u00fcr die Teilnahme von Sch\u00fclerinnen und Sch\u00fclern an au\u00dferschulischen F\u00f6rder- und Betreuungsangeboten, Fachbereich Kinder, Jugend und Schule, [&hellip;]<\/p>\n","protected":false},"author":3,"featured_media":0,"parent":0,"menu_order":0,"comment_status":"closed","ping_status":"closed","template":"","meta":{"footnotes":""},"class_list":["post-760","page","type-page","status-publish","hentry"],"_links":{"self":[{"href":"https:\/\/www.ggs-richterich.de\/index.php\/wp-json\/wp\/v2\/pages\/760","targetHints":{"allow":["GET"]}}],"collection":[{"href":"https:\/\/www.ggs-richterich.de\/index.php\/wp-json\/wp\/v2\/pages"}],"about":[{"href":"https:\/\/www.ggs-richterich.de\/index.php\/wp-json\/wp\/v2\/types\/page"}],"author":[{"embeddable":true,"href":"https:\/\/www.ggs-richterich.de\/index.php\/wp-json\/wp\/v2\/users\/3"}],"replies":[{"embeddable":true,"href":"https:\/\/www.ggs-richterich.de\/index.php\/wp-json\/wp\/v2\/comments?post=760"}],"version-history":[{"count":13,"href":"https:\/\/www.ggs-richterich.de\/index.php\/wp-json\/wp\/v2\/pages\/760\/revisions"}],"predecessor-version":[{"id":3344,"href":"https:\/\/www.ggs-richterich.de\/index.php\/wp-json\/wp\/v2\/pages\/760\/revisions\/3344"}],"wp:attachment":[{"href":"https:\/\/www.ggs-richterich.de\/index.php\/wp-json\/wp\/v2\/media?parent=760"}],"curies":[{"name":"wp","href":"https:\/\/api.w.org\/{rel}","templated":true}]}}