{"id":756,"date":"2018-12-12T15:17:02","date_gmt":"2018-12-12T15:17:02","guid":{"rendered":"https:\/\/www.ggs-richterich.de\/?page_id=756"},"modified":"2023-08-25T10:13:01","modified_gmt":"2023-08-25T10:13:01","slug":"kosten-ogs-horbach","status":"publish","type":"page","link":"https:\/\/www.ggs-richterich.de\/index.php\/kosten-ogs-horbach\/","title":{"rendered":"Kosten OGS Horbach"},"content":{"rendered":"<p align=\"LEFT\"><u><b>Kosten Elternbeitrage:<\/b><\/u><b><br \/>\n<\/b><br \/>\nDer Beitrag f\u00fcr die OGS, richtet sich nach dem Verdienst der Eltern. Folgend ist aufgef\u00fchrt, wie die Stadt Aachen die Elternbeitr\u00e4ge nach dem jeweiligen Verdienst staffelt.<\/p>\n<p align=\"LEFT\">Siehe <a href=\"http:\/\/aachen.de\/DE\/stadt_buerger\/politik_verwaltung\/stadtrecht\/pdfs_stadtrecht\/ogs-beitragssatzung-01082015.pdf\">OGS BEITRAGSSATZUNG 2015.pdf<\/a><br \/>\n(Satzung \u00fcber die Erhebung von Elternbeitr\u00e4gen f\u00fcr die Teilnahme von Sch\u00fclerinnen und Sch\u00fclern an au\u00dferschulischen F\u00f6rder- und Betreuungsangeboten, Fachbereich Kinder, Jugend und Schule, in der Fassung des 6. Nachtrags vom 20.05.2015)<\/p>\n<p align=\"JUSTIFY\"><strong>Vertragsdauer<br \/>\n<\/strong>Die Vertragsdauer betr\u00e4gt 1 Schuljahr und verl\u00e4ngert sich automatisch um jeweils ein weiteres Schuljahr, wenn nicht drei Monate vor Ablauf des laufenden Schuljahres (bis sp\u00e4testens 30. April) gek\u00fcndigt wird.<\/p>\n<p align=\"JUSTIFY\">Vordrucke f\u00fcr K\u00fcndigungsschreiben k\u00f6nnen ebenfalls in der OGS erhalten werden.<\/p>\n<p align=\"JUSTIFY\">\n<p align=\"JUSTIFY\">\n<p align=\"JUSTIFY\"><u><b>Kosten Mittagessen: <\/b><\/u><\/p>\n<p align=\"JUSTIFY\">Das Mittagessen f\u00fcr unsere Kinder beziehen wir \u00fcber einen Caterer, MIN Food aus W\u00fcrselen.<\/p>\n<p align=\"JUSTIFY\">Sie k\u00f6nnen zwischen zwei Essenspauschalen w\u00e4hlen:<br \/>\n5 Tage\/ Woche = 70 \u20ac im Monat<br \/>\n4 Tage\/ Woche = 56 \u20ac im Monat<\/p>\n<p align=\"JUSTIFY\"><b>Zahlungsmodalit\u00e4ten:<br \/>\n<\/b>Die Abrechnung des Mittagessens erfolgt pauschalisiert per Lastschrifteinzug durch die AWO Kreisverband Aachen-Stadt e.V.<\/p>\n","protected":false},"excerpt":{"rendered":"<p>Kosten Elternbeitrage: Der Beitrag f\u00fcr die OGS, richtet sich nach dem Verdienst der Eltern. Folgend ist aufgef\u00fchrt, wie die Stadt Aachen die Elternbeitr\u00e4ge nach dem jeweiligen Verdienst staffelt. Siehe OGS BEITRAGSSATZUNG 2015.pdf (Satzung \u00fcber die Erhebung von Elternbeitr\u00e4gen f\u00fcr die Teilnahme von Sch\u00fclerinnen und Sch\u00fclern an au\u00dferschulischen F\u00f6rder- und Betreuungsangeboten, Fachbereich Kinder, Jugend und Schule, [&hellip;]<\/p>\n","protected":false},"author":3,"featured_media":0,"parent":0,"menu_order":0,"comment_status":"closed","ping_status":"closed","template":"","meta":{"footnotes":""},"class_list":["post-756","page","type-page","status-publish","hentry"],"_links":{"self":[{"href":"https:\/\/www.ggs-richterich.de\/index.php\/wp-json\/wp\/v2\/pages\/756","targetHints":{"allow":["GET"]}}],"collection":[{"href":"https:\/\/www.ggs-richterich.de\/index.php\/wp-json\/wp\/v2\/pages"}],"about":[{"href":"https:\/\/www.ggs-richterich.de\/index.php\/wp-json\/wp\/v2\/types\/page"}],"author":[{"embeddable":true,"href":"https:\/\/www.ggs-richterich.de\/index.php\/wp-json\/wp\/v2\/users\/3"}],"replies":[{"embeddable":true,"href":"https:\/\/www.ggs-richterich.de\/index.php\/wp-json\/wp\/v2\/comments?post=756"}],"version-history":[{"count":5,"href":"https:\/\/www.ggs-richterich.de\/index.php\/wp-json\/wp\/v2\/pages\/756\/revisions"}],"predecessor-version":[{"id":3343,"href":"https:\/\/www.ggs-richterich.de\/index.php\/wp-json\/wp\/v2\/pages\/756\/revisions\/3343"}],"wp:attachment":[{"href":"https:\/\/www.ggs-richterich.de\/index.php\/wp-json\/wp\/v2\/media?parent=756"}],"curies":[{"name":"wp","href":"https:\/\/api.w.org\/{rel}","templated":true}]}}