{"id":746,"date":"2018-12-12T15:16:27","date_gmt":"2018-12-12T15:16:27","guid":{"rendered":"https:\/\/www.ggs-richterich.de\/?page_id=746"},"modified":"2024-01-19T10:13:54","modified_gmt":"2024-01-19T10:13:54","slug":"anmeldung-ogs-horbach","status":"publish","type":"page","link":"https:\/\/www.ggs-richterich.de\/index.php\/anmeldung-ogs-horbach\/","title":{"rendered":"Anmeldung OGS Horbach"},"content":{"rendered":"<p lang=\"en-US\"><b>Anmeldung<\/b><\/p>\n<p lang=\"en-US\"><b><br \/>Wann melden Sie ihr Kind bei uns an?<br \/><\/b>Die Anmeldung in unserer OGS erfolgt bei der Schulanmeldung, also ein Jahr vor der Einschulung.<\/p>\n<p lang=\"en-US\"><b>Wie melden Sie Ihr Kind bei uns an?<br \/><\/b>Kommen Sie am besten bei uns im OGS B\u00fcro vorbei. In der Zeit von 9-11 Uhr oder nach Vereinbarung k\u00f6nnen wir offene Fragen kl\u00e4ren und Sie gewinnen zus\u00e4tzlich einen Eindruck von unserer Einrichtung. Ebenso erhalten Sie alle wichtigen Anmeldeformulare bei uns.<\/p>\n<p lang=\"en-US\"><b>Vertragsdauer<br \/><\/b>Die Vertragsdauer betr\u00e4gt 1 Schuljahr und verl\u00e4ngert sich automatisch um jeweils ein weiteres Schuljahr, wenn nicht drei Monate vor Ablauf des laufenden Schuljahres (bis sp\u00e4testens 30. April) gek\u00fcndigt wird.<\/p>\n<p lang=\"en-US\">Vordrucke f\u00fcr K\u00fcndigungsschreiben k\u00f6nnen Sie ebenfalls im OGS-B\u00fcro erhalten.<\/p>\n<p lang=\"en-US\">Wir freuen uns \u00fcber einen Besuch von Ihnen und Ihrem Kind!<\/p>\n<p lang=\"en-US\">\u00a0<\/p>\n<p lang=\"en-US\">Bitte geben Sie die ausgef\u00fcllten Unterlagen bei der Schulanmeldung in der Schule oder OGS ab. <strong>Die Abgabe der ausgef\u00fcllten Unterlagen ist KEINE Zusage f\u00fcr einen OGS Platz. <br \/><\/strong><\/p>\n<p lang=\"en-US\"><strong>Sie werden von uns eine schriftliche Zu &#8211; oder Absage bekommen!<\/strong><\/p>\n<p lang=\"en-US\">\u00a0<\/p>\n\n\n<div data-wp-interactive=\"core\/file\" class=\"wp-block-file\"><object data-wp-bind--hidden=\"!state.hasPdfPreview\" hidden class=\"wp-block-file__embed\" data=\"https:\/\/www.ggs-richterich.de\/wp-content\/uploads\/2023\/09\/AWO-I-4-F4-Datenerhebung-OGS-Betreuung-ausfuellbar_4-und-5-Tage-1.pdf\" type=\"application\/pdf\" style=\"width:100%;height:600px\" aria-label=\"Einbettung von AWO-I-4-F4-Datenerhebung-OGS-Betreuung-ausfuellbar_4-und-5-Tage-1.\"><\/object><a id=\"wp-block-file--media-c39fc97c-4e93-4fcc-b61a-f56ca7b22d5c\" href=\"https:\/\/www.ggs-richterich.de\/wp-content\/uploads\/2023\/09\/AWO-I-4-F4-Datenerhebung-OGS-Betreuung-ausfuellbar_4-und-5-Tage-1.pdf\">AWO-I-4-F4-Datenerhebung-OGS-Betreuung-ausfuellbar_4-und-5-Tage-1<\/a><a href=\"https:\/\/www.ggs-richterich.de\/wp-content\/uploads\/2023\/09\/AWO-I-4-F4-Datenerhebung-OGS-Betreuung-ausfuellbar_4-und-5-Tage-1.pdf\" class=\"wp-block-file__button wp-element-button\" download aria-describedby=\"wp-block-file--media-c39fc97c-4e93-4fcc-b61a-f56ca7b22d5c\">Herunterladen<\/a><\/div>\n\n\n\n<div data-wp-interactive=\"core\/file\" class=\"wp-block-file\"><object data-wp-bind--hidden=\"!state.hasPdfPreview\" hidden class=\"wp-block-file__embed\" data=\"https:\/\/www.ggs-richterich.de\/wp-content\/uploads\/2023\/09\/OGS-Betreuungsvertrag-Stand-Aug.-2023-1.pdf\" type=\"application\/pdf\" style=\"width:100%;height:600px\" aria-label=\"Einbettung von OGS-Betreuungsvertrag-Stand-Aug.-2023-1.\"><\/object><a id=\"wp-block-file--media-e3dd9410-147c-4ca0-b3fe-96997b323b2e\" href=\"https:\/\/www.ggs-richterich.de\/wp-content\/uploads\/2023\/09\/OGS-Betreuungsvertrag-Stand-Aug.-2023-1.pdf\">OGS-Betreuungsvertrag-Stand-Aug.-2023-1<\/a><a href=\"https:\/\/www.ggs-richterich.de\/wp-content\/uploads\/2023\/09\/OGS-Betreuungsvertrag-Stand-Aug.-2023-1.pdf\" class=\"wp-block-file__button wp-element-button\" download aria-describedby=\"wp-block-file--media-e3dd9410-147c-4ca0-b3fe-96997b323b2e\">Herunterladen<\/a><\/div>\n","protected":false},"excerpt":{"rendered":"<p>Anmeldung Wann melden Sie ihr Kind bei uns an?Die Anmeldung in unserer OGS erfolgt bei der Schulanmeldung, also ein Jahr vor der Einschulung. Wie melden Sie Ihr Kind bei uns an?Kommen Sie am besten bei uns im OGS B\u00fcro vorbei. In der Zeit von 9-11 Uhr oder nach Vereinbarung k\u00f6nnen wir offene Fragen kl\u00e4ren und [&hellip;]<\/p>\n","protected":false},"author":3,"featured_media":0,"parent":0,"menu_order":0,"comment_status":"closed","ping_status":"closed","template":"","meta":{"footnotes":""},"class_list":["post-746","page","type-page","status-publish","hentry"],"_links":{"self":[{"href":"https:\/\/www.ggs-richterich.de\/index.php\/wp-json\/wp\/v2\/pages\/746","targetHints":{"allow":["GET"]}}],"collection":[{"href":"https:\/\/www.ggs-richterich.de\/index.php\/wp-json\/wp\/v2\/pages"}],"about":[{"href":"https:\/\/www.ggs-richterich.de\/index.php\/wp-json\/wp\/v2\/types\/page"}],"author":[{"embeddable":true,"href":"https:\/\/www.ggs-richterich.de\/index.php\/wp-json\/wp\/v2\/users\/3"}],"replies":[{"embeddable":true,"href":"https:\/\/www.ggs-richterich.de\/index.php\/wp-json\/wp\/v2\/comments?post=746"}],"version-history":[{"count":10,"href":"https:\/\/www.ggs-richterich.de\/index.php\/wp-json\/wp\/v2\/pages\/746\/revisions"}],"predecessor-version":[{"id":3401,"href":"https:\/\/www.ggs-richterich.de\/index.php\/wp-json\/wp\/v2\/pages\/746\/revisions\/3401"}],"wp:attachment":[{"href":"https:\/\/www.ggs-richterich.de\/index.php\/wp-json\/wp\/v2\/media?parent=746"}],"curies":[{"name":"wp","href":"https:\/\/api.w.org\/{rel}","templated":true}]}}