{"id":694,"date":"2018-12-06T16:12:33","date_gmt":"2018-12-06T16:12:33","guid":{"rendered":"https:\/\/www.ggs-richterich.de\/?page_id=694"},"modified":"2024-06-07T10:31:28","modified_gmt":"2024-06-07T10:31:28","slug":"krankmeldungen","status":"publish","type":"page","link":"https:\/\/www.ggs-richterich.de\/index.php\/krankmeldungen\/","title":{"rendered":"Krankmeldungen"},"content":{"rendered":"<p><span style=\"font-family: Arial, sans-serif;\"><strong><span style=\"color: #808080;\"><span style=\"font-size: medium;\"><b>Wenn Ihr Kind krank ist, sollte es nicht zur Schule kommen. Hierzu geh\u00f6ren auch starke Erk\u00e4ltungssymptome, Fieber oder Magen-Darmerkrankungen. <\/b><\/span><\/span><\/strong><\/span><span style=\"font-family: Arial, sans-serif;\"><strong><span style=\"color: #808080;\"><span style=\"font-size: medium;\"><b>Wir bitten darum, Kinder mit Magen-Darm Erkrankungen fr\u00fchestens 48 Stunden nach dem letzten Erbrechen\/Durchfall wieder zur Schule zu schicken. B<\/b><\/span><\/span><\/strong><span style=\"color: #808080;\"><span style=\"font-size: medium;\"><b>itte informieren Sie <\/b><\/span><\/span><strong><span style=\"color: #808080;\"><span style=\"font-size: medium;\"><b>rechtzeitig die Klassenlehrerin und melden ihr Kind \u00fcber die Sdui App krank.\u00a0<\/b><\/span><\/span><\/strong><\/span><\/p>\n<p><span style=\"color: #808080;\"><span style=\"font-family: Arial, sans-serif;\"><span style=\"font-size: medium;\">Bitte entschuldigen Sie Ihr Kind im Anschluss an die Krankheit schriftlich.<br \/>\n<\/span><\/span><\/span><\/p>\n<p><span style=\"color: #808080;\"><span style=\"font-family: Arial, sans-serif;\"><span style=\"font-size: medium;\">Sie k\u00f6nnen ihr Kind in der Sdui App unter &#8222;Abmeldungen&#8220; krank melden und sogar Gr\u00fcnde angeben. <\/span><\/span><\/span><\/p>\n<p><span style=\"color: #808080;\"><span style=\"font-family: Arial, sans-serif;\"><span style=\"font-size: medium;\"><strong>In besonderen Ausnahmef\u00e4llen<\/strong> k\u00f6nnen Sie im Sekretariat auf dem Anrufbeantworter (bitte bis sp\u00e4testens 7.45 Uhr) eine Nachricht hinterlassen. <\/span><\/span><\/span><\/p>\n<p><span style=\"color: #808080;\"><span style=\"font-family: Arial, sans-serif;\"><span style=\"font-size: medium;\">Im Falle eines unentschuldigten Fehlens machen wir uns sonst Sorgen, dass Ihrem Kind auf dem Schulweg etwas passiert ist.<\/span><\/span><\/span><\/p>\n<p><span style=\"color: #808080;\"><span style=\"font-family: Arial, sans-serif;\"><span style=\"font-size: medium;\">Jeweils bis 8.00 Uhr ben\u00f6tigt die OGS \/ Betreuung ebenfalls die Krankmeldung.<\/span><\/span><\/span><\/p>\n<p><strong><span style=\"color: #808080;\"><span style=\"font-family: Arial, sans-serif;\"><span style=\"font-size: medium;\">Unmittelbar vor und nach Ferien ist zur Entschuldigung eventuell ein \u00e4rztliches Attest vorzulegen.<\/span><\/span><\/span><\/strong><\/p>\n<p><strong><span style=\"color: #808080;\"><span style=\"font-family: Arial, sans-serif;\"><span style=\"font-size: medium;\">Bei Ansteckenden Krankheiten laut Infektionsschutz-Gesetz (z.B. Windpocken, Masern, Mumps, Scharlach, Kopfl\u00e4usen) muss die Schule umgehend davon informiert werden.<\/span><\/span><\/span><\/strong><\/p>\n<p><a href=\"https:\/\/www.ggs-richterich.de\/wp-content\/uploads\/2024\/06\/Elterninfo_zur_Wiederzulassung_Stand_Mai_2024.pdf\">Elterninfo_zur_Wiederzulassung_Stand_Mai_2024<\/a><\/p>\n<p><strong><span style=\"color: #808080;\"><span style=\"font-family: Arial, sans-serif;\"><span style=\"font-size: medium;\">Sollte Ihr Kind w\u00e4hrend der Unterrichtszeit erkranken, werden wir versuchen Sie schnellstm\u00f6glich zu erreichen und Sie bitten Ihr Kind abzuholen.<\/span><\/span><\/span><\/strong><\/p>\n<p><span style=\"color: #808080;\"><span style=\"font-family: Arial, sans-serif;\"><span style=\"font-size: medium;\">Sollte sich Ihr Kind w\u00e4hrend der Unterrichtszeit verletzten, werden wir versuchen Sie telefonisch zu erreichen. Sollten Sie nicht erreichbar sein, wird das Kind ggf. mit Begleitung per Taxi zum Arzt bzw. per Krankenwagen zum Krankenhaus gebracht.<\/span><\/span><\/span><\/p>\n<p><span style=\"color: #808080;\"><span style=\"font-family: Arial, sans-serif;\"><span style=\"font-size: medium;\"><u>Bitte achten Sie darauf, dass Ihre Notfallnummern immer aktuell sind.<\/u><\/span><\/span><\/span><\/p>\n","protected":false},"excerpt":{"rendered":"<p>Wenn Ihr Kind krank ist, sollte es nicht zur Schule kommen. Hierzu geh\u00f6ren auch starke Erk\u00e4ltungssymptome, Fieber oder Magen-Darmerkrankungen. Wir bitten darum, Kinder mit Magen-Darm Erkrankungen fr\u00fchestens 48 Stunden nach dem letzten Erbrechen\/Durchfall wieder zur Schule zu schicken. Bitte informieren Sie rechtzeitig die Klassenlehrerin und melden ihr Kind \u00fcber die Sdui App krank.\u00a0 Bitte entschuldigen [&hellip;]<\/p>\n","protected":false},"author":3,"featured_media":0,"parent":0,"menu_order":0,"comment_status":"closed","ping_status":"closed","template":"","meta":{"footnotes":""},"class_list":["post-694","page","type-page","status-publish","hentry"],"_links":{"self":[{"href":"https:\/\/www.ggs-richterich.de\/index.php\/wp-json\/wp\/v2\/pages\/694","targetHints":{"allow":["GET"]}}],"collection":[{"href":"https:\/\/www.ggs-richterich.de\/index.php\/wp-json\/wp\/v2\/pages"}],"about":[{"href":"https:\/\/www.ggs-richterich.de\/index.php\/wp-json\/wp\/v2\/types\/page"}],"author":[{"embeddable":true,"href":"https:\/\/www.ggs-richterich.de\/index.php\/wp-json\/wp\/v2\/users\/3"}],"replies":[{"embeddable":true,"href":"https:\/\/www.ggs-richterich.de\/index.php\/wp-json\/wp\/v2\/comments?post=694"}],"version-history":[{"count":21,"href":"https:\/\/www.ggs-richterich.de\/index.php\/wp-json\/wp\/v2\/pages\/694\/revisions"}],"predecessor-version":[{"id":3427,"href":"https:\/\/www.ggs-richterich.de\/index.php\/wp-json\/wp\/v2\/pages\/694\/revisions\/3427"}],"wp:attachment":[{"href":"https:\/\/www.ggs-richterich.de\/index.php\/wp-json\/wp\/v2\/media?parent=694"}],"curies":[{"name":"wp","href":"https:\/\/api.w.org\/{rel}","templated":true}]}}