{"id":667,"date":"2018-12-06T15:55:29","date_gmt":"2018-12-06T15:55:29","guid":{"rendered":"https:\/\/www.ggs-richterich.de\/?page_id=667"},"modified":"2019-02-02T13:25:51","modified_gmt":"2019-02-02T13:25:51","slug":"foerderverein-horbach","status":"publish","type":"page","link":"https:\/\/www.ggs-richterich.de\/index.php\/foerderverein-horbach\/","title":{"rendered":"F\u00f6rderverein Horbach"},"content":{"rendered":"<p><span style=\"color: #000000;\"><span style=\"font-family: ComicSansMS, cursive;\"><span style=\"font-size: large;\">F\u00f6rderverein Horbacher Grundschule e.V.<img loading=\"lazy\" decoding=\"async\" class=\"size-full wp-image-884 alignright\" src=\"https:\/\/www.ggs-richterich.de\/wp-content\/uploads\/2019\/02\/Fo\u0308rderverein-Horbach-Logo.png\" alt=\"\" width=\"78\" height=\"112\" \/><\/span><\/span><\/span><\/p>\n<p align=\"CENTER\">\u00a0<\/p>\n<p><span style=\"color: #000000;\"><span style=\"font-family: ComicSansMS, cursive;\"><span style=\"font-size: xx-small;\">F\u00f6rderverein Horbacher GS<\/span><\/span><\/span> <span style=\"color: #000000;\"><span style=\"font-family: Verdana, sans-serif;\"><span style=\"font-size: xx-small;\">\u2022<\/span><\/span><\/span> <span style=\"color: #000000;\"><span style=\"font-family: ComicSansMS, cursive;\"><span style=\"font-size: xx-small;\">Lehnsherrenstr. 28<\/span><\/span><\/span> <span style=\"color: #000000;\"><span style=\"font-family: Verdana, sans-serif;\"><span style=\"font-size: xx-small;\">\u2022<\/span><\/span><\/span> <span style=\"color: #000000;\"><span style=\"font-family: ComicSansMS, cursive;\"><span style=\"font-size: xx-small;\">52072 Aachen<\/span><\/span><\/span><\/p>\n<p align=\"JUSTIFY\"><span style=\"font-family: Arial, sans-serif;\"><span style=\"font-size: small;\"><b>Wir stellen uns vor<\/b><\/span><\/span><\/p>\n<p align=\"JUSTIFY\"><span style=\"font-family: Arial, sans-serif;\"><span style=\"font-size: small;\">Seit 1993 gibt es den F\u00f6rderverein der Horbacher Grundschule. Dieser besteht als eigenst\u00e4ndiger Verein am Schulstandort Horbach. Hauptziel ist die Unterst\u00fctzung der Bildungsarbeit am hiesigen Standort, der sich durch das jahrgangs\u00fcbergreifende Lernen auszeichnet. Gerade diese besondere Form des Unterrichts unterst\u00fctzt der Verein durch vielf\u00e4ltige Anschaffungen und F\u00f6rderung von Projekten. <\/span><\/span><\/p>\n<p align=\"JUSTIFY\"><span style=\"font-family: Arial, sans-serif;\"><span style=\"font-size: small;\">In Zeiten von Mittelk\u00fcrzungen und engen Budgets leistet der Verein durch die aktive Unterst\u00fctzung der Schule einen Beitrag dazu, unseren Kindern zu den bestm\u00f6glichen Bedingungen f\u00fcr das Schulleben zu verhelfen. <\/span><\/span><\/p>\n<p align=\"JUSTIFY\"><span style=\"font-family: Arial, sans-serif;\"><span style=\"font-size: small;\">Eingesetzt werden die Mittel f\u00fcr eine Vielzahl von Projekten und Anschaffungen, die anders nicht m\u00f6glich w\u00e4ren. Dazu z\u00e4hlen in erster Linie:<\/span><\/span><\/p>\n<p align=\"JUSTIFY\"><span style=\"font-family: Arial, sans-serif;\"><span style=\"font-size: small;\">die Anschaffung von Materialien f\u00fcr den jahrgangs\u00fcbergreifenden Unterricht <\/span><\/span><\/p>\n<ul>\n<li>\n<p align=\"JUSTIFY\"><span style=\"font-family: Arial, sans-serif;\"><span style=\"font-size: small;\">die Verbesserung der Ausstattung der Schule durch Renovierung einzelner R\u00e4ume, Anschaffung von Mobiliar und moderner Medien<\/span><\/span><\/p>\n<\/li>\n<li>\n<p align=\"JUSTIFY\"><span style=\"font-family: Arial, sans-serif;\"><span style=\"font-size: small;\">Beitr\u00e4ge zur Schulhofgestaltung (z.B. Anschaffung von Fu\u00dfballtoren)<\/span><\/span><\/p>\n<\/li>\n<li>\n<p align=\"JUSTIFY\"><span style=\"font-family: Arial, sans-serif;\"><span style=\"font-size: small;\">Unterst\u00fctzung bed\u00fcrftiger Familien bei Klassenfahrten o.\u00e4.<\/span><\/span><\/p>\n<\/li>\n<li>\n<p align=\"JUSTIFY\"><span style=\"font-family: Arial, sans-serif;\"><span style=\"font-size: small;\">F\u00f6rderung von Aktivit\u00e4ten und Ausfl\u00fcgen f\u00fcr alle Sch\u00fcler (z.B. Theaterbesuche)<\/span><\/span><\/p>\n<\/li>\n<li>\n<p align=\"JUSTIFY\"><span style=\"font-family: Arial, sans-serif;\"><span style=\"font-size: small;\">Organisation und F\u00f6rderung von Veranstaltungen f\u00fcr die gesamte Schulgemeinde (z.B. das Schulfest)<\/span><\/span><\/p>\n<\/li>\n<li>\n<p align=\"JUSTIFY\"><span style=\"font-family: Arial, sans-serif;\"><span style=\"font-size: small;\">Unterst\u00fctzung besonderer Horbacher Projekte wie die j\u00e4hrlichen Zirkusauff\u00fchrungen<\/span><\/span><\/p>\n<\/li>\n<\/ul>\n<p align=\"JUSTIFY\"><span style=\"font-family: Arial, sans-serif;\"><span style=\"font-size: small;\"><b>Mitgliedschaft<\/b><\/span><\/span><\/p>\n<p align=\"JUSTIFY\"><span style=\"font-family: Arial, sans-serif;\"><span style=\"font-size: small;\">Wir freuen uns, dass zu unseren Mitgliedern eine Vielzahl der Eltern der aktuellen Grundsch\u00fcler z\u00e4hlt, aber auch die Eltern Ehemaliger sowie andere Personen, denen die F\u00f6rderung unseres besonderen Standortes am Herzen liegt. <\/span><\/span><\/p>\n<p align=\"JUSTIFY\"><span style=\"font-family: Arial, sans-serif;\"><span style=\"font-size: small;\">Der j\u00e4hrliche Mindestmitgliedsbeitrag liegt bei 15 Euro \u2013 wobei wir uns nat\u00fcrlich auch \u00fcber h\u00f6here Beitr\u00e4ge freuen. Dar\u00fcber hinaus ist jegliche Mithilfe in Form von pers\u00f6nlichem Engagement, Anregungen und Spenden jederzeit herzlich willkommen. <\/span><\/span><\/p>\n<p align=\"JUSTIFY\"><span style=\"font-family: Arial, sans-serif;\"><span style=\"font-size: small;\">Haben wir Ihr Interesse geweckt und gef\u00e4llt Ihnen unsere Arbeit? Dann werden auch Sie Mitglied.<\/span><\/span><\/p>\n<p align=\"JUSTIFY\"><span style=\"font-family: Arial, sans-serif;\"><span style=\"font-size: small;\">Antr\u00e4ge f\u00fcr die Mitgliedschaft gibt es <a href=\"https:\/\/www.ggs-richterich.de\/wp-content\/uploads\/2019\/02\/Beitrittsformular-Fo\u0308V-Ho.pdf\">hier<\/a><\/span><\/span><span style=\"font-family: Arial, sans-serif;\"><span style=\"font-size: small;\">\u00a0oder im Eingangsbereich des Schulgeb\u00e4udes in Horbach.<\/span><\/span><\/p>\n\n\n<h2 class=\"wp-block-heading\"><\/h2>\n","protected":false},"excerpt":{"rendered":"<p>F\u00f6rderverein Horbacher Grundschule e.V. \u00a0 F\u00f6rderverein Horbacher GS \u2022 Lehnsherrenstr. 28 \u2022 52072 Aachen Wir stellen uns vor Seit 1993 gibt es den F\u00f6rderverein der Horbacher Grundschule. Dieser besteht als eigenst\u00e4ndiger Verein am Schulstandort Horbach. Hauptziel ist die Unterst\u00fctzung der Bildungsarbeit am hiesigen Standort, der sich durch das jahrgangs\u00fcbergreifende Lernen auszeichnet. Gerade diese besondere Form [&hellip;]<\/p>\n","protected":false},"author":3,"featured_media":0,"parent":0,"menu_order":0,"comment_status":"closed","ping_status":"closed","template":"","meta":{"footnotes":""},"class_list":["post-667","page","type-page","status-publish","hentry"],"_links":{"self":[{"href":"https:\/\/www.ggs-richterich.de\/index.php\/wp-json\/wp\/v2\/pages\/667","targetHints":{"allow":["GET"]}}],"collection":[{"href":"https:\/\/www.ggs-richterich.de\/index.php\/wp-json\/wp\/v2\/pages"}],"about":[{"href":"https:\/\/www.ggs-richterich.de\/index.php\/wp-json\/wp\/v2\/types\/page"}],"author":[{"embeddable":true,"href":"https:\/\/www.ggs-richterich.de\/index.php\/wp-json\/wp\/v2\/users\/3"}],"replies":[{"embeddable":true,"href":"https:\/\/www.ggs-richterich.de\/index.php\/wp-json\/wp\/v2\/comments?post=667"}],"version-history":[{"count":11,"href":"https:\/\/www.ggs-richterich.de\/index.php\/wp-json\/wp\/v2\/pages\/667\/revisions"}],"predecessor-version":[{"id":948,"href":"https:\/\/www.ggs-richterich.de\/index.php\/wp-json\/wp\/v2\/pages\/667\/revisions\/948"}],"wp:attachment":[{"href":"https:\/\/www.ggs-richterich.de\/index.php\/wp-json\/wp\/v2\/media?parent=667"}],"curies":[{"name":"wp","href":"https:\/\/api.w.org\/{rel}","templated":true}]}}