{"id":662,"date":"2018-12-06T15:54:58","date_gmt":"2018-12-06T15:54:58","guid":{"rendered":"https:\/\/www.ggs-richterich.de\/?page_id=662"},"modified":"2018-12-16T13:43:09","modified_gmt":"2018-12-16T13:43:09","slug":"ogs-horbach","status":"publish","type":"page","link":"https:\/\/www.ggs-richterich.de\/index.php\/ogs-horbach\/","title":{"rendered":"F\u00f6rderverein Richterich"},"content":{"rendered":"<dl>\n<dd><span style=\"font-family: Verdana;\"><span style=\"font-size: small;\"><b>Wir stellen uns vor<\/b><\/span><\/span><\/p>\n<p>Der Verein der Freunde und F\u00f6rderer der<br \/>\nGemeinschaftsgrundschule Richterich e.V.<\/p>\n<p>Der Verein der Freunde und F\u00f6rderer der Gemeinschaftsgrundschule Richterich e.V. besteht bereits seit 1993. Unsere Zielsetzung ist ganz einfach: die Unterst\u00fctzung der Unterrichts- und Erziehungsarbeit der Schule.<\/p>\n<p><b>WARUM?<\/b><\/p>\n<p>\u2026weil wir als Eltern uns selbst aktiv f\u00fcr die bestm\u00f6gliche Bildung und Unterst\u00fctzung unserer Kinder einsetzen m\u00f6chten, statt nur zu beklagen, dass der Staat an sich mehr gefordert w\u00e4re in die Bildung unserer Kinder zu investieren!<\/p>\n<p><b>WOF\u00dcR?\u00a0<\/b><\/p>\n<p>\u2026f\u00fcr viele kleine und auch gro\u00dfe Anschaffungen, die der Schuletat nicht erlauben w\u00fcrde.<\/p>\n<p>\u2026f\u00fcr zus\u00e4tzliche Lehrmittel und Medien, die zwar teuer sind, aber den Unterricht interessanter gestalten und es erm\u00f6glichen, besser auf die Leistungsf\u00e4higkeit der einzelnen Kinder einzugehen.<\/p>\n<p>\u2026f\u00fcr die kindgerechte Gestaltung des Schulhofes durch Spielger\u00e4te sowie eine verbesserte Ausstattung der Klassenr\u00e4ume.<\/p>\n<p>\u2026f\u00fcr besondere Aktivit\u00e4ten der Schule, wie z.B. Vortr\u00e4ge, Theatervorstellungen und Ausfl\u00fcge.<\/p>\n<p>\u2026f\u00fcr ALLE Grundschulkinder w\u00e4hrend ihrer Schulzeit; sei es durch die Unterst\u00fctzung einzelner bed\u00fcrftiger Sch\u00fcler, die Finanzierung von Projekten ganzer Klassen oder die F\u00f6rderung der gesamten Schulgemeinde bei besonderen Veranstaltungen.<\/p>\n<p>Daher dient Ihr Beitrag der direkten F\u00f6rderung Ihres Kindes und der gesamten Schule.<\/p>\n<p><b>WIEVIEL?<\/b><\/p>\n<p>Der j\u00e4hrliche Mindestbeitrag f\u00fcr die Mitglieder betr\u00e4gt 12,00 Euro, also nur 1 Euro pro Monat. Wir sind jedoch dankbar f\u00fcr jede dar\u00fcber hinausgehende Unterst\u00fctzung und freuen uns, dass zu unseren Mitgliedern nicht nur Eltern der aktuellen Grundschulkinder, sondern auch viele Ehemalige geh\u00f6ren.<\/p>\n<p>Haben Sie Gefallen an der Arbeit des F\u00f6rdervereins gefunden?<\/dd>\n<dd><b>Dann werden auch Sie Mitglied!<\/b><\/dd>\n<dd>Antr\u00e4ge f\u00fcr eine Mitgliedschaft gibt es im Schulsekretariat oder hier.<\/p>\n<p><span style=\"font-family: Verdana;\"><span style=\"font-size: small;\"><b><a href=\"https:\/\/www.ggs-richterich.de\/wp-content\/uploads\/2018\/10\/t-fv-mitglied.pdf\">Antrag Mitgliedschaft F\u00f6rderverein<\/a><\/b><\/span><\/span><\/p>\n<p>Als gemeinn\u00fctzig anerkannter Verein k\u00f6nnen wir f\u00fcr die geleisteten Einzelspenden oder Mitgliedsbeitr\u00e4ge Spendenquittungen ausstellen.<\/dd>\n<\/dl>\n","protected":false},"excerpt":{"rendered":"<p>Wir stellen uns vor Der Verein der Freunde und F\u00f6rderer der Gemeinschaftsgrundschule Richterich e.V. Der Verein der Freunde und F\u00f6rderer der Gemeinschaftsgrundschule Richterich e.V. besteht bereits seit 1993. Unsere Zielsetzung ist ganz einfach: die Unterst\u00fctzung der Unterrichts- und Erziehungsarbeit der Schule. WARUM? \u2026weil wir als Eltern uns selbst aktiv f\u00fcr die bestm\u00f6gliche Bildung und Unterst\u00fctzung [&hellip;]<\/p>\n","protected":false},"author":3,"featured_media":0,"parent":0,"menu_order":0,"comment_status":"closed","ping_status":"closed","template":"","meta":{"footnotes":""},"class_list":["post-662","page","type-page","status-publish","hentry"],"_links":{"self":[{"href":"https:\/\/www.ggs-richterich.de\/index.php\/wp-json\/wp\/v2\/pages\/662","targetHints":{"allow":["GET"]}}],"collection":[{"href":"https:\/\/www.ggs-richterich.de\/index.php\/wp-json\/wp\/v2\/pages"}],"about":[{"href":"https:\/\/www.ggs-richterich.de\/index.php\/wp-json\/wp\/v2\/types\/page"}],"author":[{"embeddable":true,"href":"https:\/\/www.ggs-richterich.de\/index.php\/wp-json\/wp\/v2\/users\/3"}],"replies":[{"embeddable":true,"href":"https:\/\/www.ggs-richterich.de\/index.php\/wp-json\/wp\/v2\/comments?post=662"}],"version-history":[{"count":4,"href":"https:\/\/www.ggs-richterich.de\/index.php\/wp-json\/wp\/v2\/pages\/662\/revisions"}],"predecessor-version":[{"id":855,"href":"https:\/\/www.ggs-richterich.de\/index.php\/wp-json\/wp\/v2\/pages\/662\/revisions\/855"}],"wp:attachment":[{"href":"https:\/\/www.ggs-richterich.de\/index.php\/wp-json\/wp\/v2\/media?parent=662"}],"curies":[{"name":"wp","href":"https:\/\/api.w.org\/{rel}","templated":true}]}}