{"id":66,"date":"2018-10-18T18:19:14","date_gmt":"2018-10-18T18:19:14","guid":{"rendered":"https:\/\/www.ggs-richterich.de\/?page_id=66"},"modified":"2018-11-27T16:51:46","modified_gmt":"2018-11-27T16:51:46","slug":"ggs-richterich","status":"publish","type":"page","link":"https:\/\/www.ggs-richterich.de\/index.php\/ggs-richterich\/","title":{"rendered":"Unsere Schule"},"content":{"rendered":"<p><img loading=\"lazy\" decoding=\"async\" class=\"size-medium wp-image-24 alignleft\" src=\"https:\/\/www.ggs-richterich.de\/wp-content\/uploads\/2018\/10\/bild-start-richterich-300x199.jpg\" alt=\"\" width=\"300\" height=\"199\" srcset=\"https:\/\/www.ggs-richterich.de\/wp-content\/uploads\/2018\/10\/bild-start-richterich-300x199.jpg 300w, https:\/\/www.ggs-richterich.de\/wp-content\/uploads\/2018\/10\/bild-start-richterich-768x509.jpg 768w, https:\/\/www.ggs-richterich.de\/wp-content\/uploads\/2018\/10\/bild-start-richterich-1024x678.jpg 1024w\" sizes=\"auto, (max-width: 300px) 100vw, 300px\" \/><\/p>\n<p style=\"text-align: right;\">Grundschule Richterich<\/p>\n<p style=\"text-align: right;\">Gr\u00fcnenthaler Stra\u00dfe 2<\/p>\n<p style=\"text-align: right;\">52072 Aachen<\/p>\n<p>&nbsp;<\/p>\n<p>&nbsp;<\/p>\n<p>&nbsp;<\/p>\n<p style=\"text-align: right;\"><img loading=\"lazy\" decoding=\"async\" class=\"size-medium wp-image-23 alignleft\" src=\"https:\/\/www.ggs-richterich.de\/wp-content\/uploads\/2018\/10\/bild-start-horbach-300x225.jpg\" alt=\"\" width=\"300\" height=\"225\" srcset=\"https:\/\/www.ggs-richterich.de\/wp-content\/uploads\/2018\/10\/bild-start-horbach-300x225.jpg 300w, https:\/\/www.ggs-richterich.de\/wp-content\/uploads\/2018\/10\/bild-start-horbach-768x576.jpg 768w, https:\/\/www.ggs-richterich.de\/wp-content\/uploads\/2018\/10\/bild-start-horbach-1024x768.jpg 1024w\" sizes=\"auto, (max-width: 300px) 100vw, 300px\" \/>Katholischer Teilstandort Horbach<\/p>\n<p style=\"text-align: right;\">Oberdorfstra\u00dfe 11<\/p>\n<p style=\"text-align: right;\">52072 Aachen<\/p>\n<p>&nbsp;<\/p>\n<p>&nbsp;<\/p>\n","protected":false},"excerpt":{"rendered":"<p>Grundschule Richterich Gr\u00fcnenthaler Stra\u00dfe 2 52072 Aachen &nbsp; &nbsp; &nbsp; Katholischer Teilstandort Horbach Oberdorfstra\u00dfe 11 52072 Aachen &nbsp; &nbsp;<\/p>\n","protected":false},"author":1,"featured_media":0,"parent":0,"menu_order":0,"comment_status":"closed","ping_status":"closed","template":"","meta":{"footnotes":""},"class_list":["post-66","page","type-page","status-publish","hentry"],"_links":{"self":[{"href":"https:\/\/www.ggs-richterich.de\/index.php\/wp-json\/wp\/v2\/pages\/66","targetHints":{"allow":["GET"]}}],"collection":[{"href":"https:\/\/www.ggs-richterich.de\/index.php\/wp-json\/wp\/v2\/pages"}],"about":[{"href":"https:\/\/www.ggs-richterich.de\/index.php\/wp-json\/wp\/v2\/types\/page"}],"author":[{"embeddable":true,"href":"https:\/\/www.ggs-richterich.de\/index.php\/wp-json\/wp\/v2\/users\/1"}],"replies":[{"embeddable":true,"href":"https:\/\/www.ggs-richterich.de\/index.php\/wp-json\/wp\/v2\/comments?post=66"}],"version-history":[{"count":10,"href":"https:\/\/www.ggs-richterich.de\/index.php\/wp-json\/wp\/v2\/pages\/66\/revisions"}],"predecessor-version":[{"id":639,"href":"https:\/\/www.ggs-richterich.de\/index.php\/wp-json\/wp\/v2\/pages\/66\/revisions\/639"}],"wp:attachment":[{"href":"https:\/\/www.ggs-richterich.de\/index.php\/wp-json\/wp\/v2\/media?parent=66"}],"curies":[{"name":"wp","href":"https:\/\/api.w.org\/{rel}","templated":true}]}}