{"id":58,"date":"2018-10-18T18:19:14","date_gmt":"2018-10-18T18:19:14","guid":{"rendered":"https:\/\/www.ggs-richterich.de\/?page_id=58"},"modified":"2020-09-10T08:45:46","modified_gmt":"2020-09-10T08:45:46","slug":"ogs","status":"publish","type":"page","link":"https:\/\/www.ggs-richterich.de\/index.php\/ogs\/","title":{"rendered":"OGS"},"content":{"rendered":"<p>Liebe Eltern.<\/p>\n<p>Herzlich willkommen im Bereich der OGSen beider Standorte. Im Folgenden haben Sie hier die M\u00f6glichkeit, sich \u00fcber beide Betreuungsangebote zu informieren.<\/p>\n<p>Wir freuen uns \u00fcber einen pers\u00f6nlichen Besuch von Ihnen und Ihren Kindern.<\/p>\n<p><a href=\"https:\/\/www.ggs-richterich.de\/index.php\/ogs-richterich\/\">OGS Richterich<\/a><\/p>\n<p><a href=\"https:\/\/www.ggs-richterich.de\/index.php\/mittagsbetreuung\/\">Mittagsbetreuung<\/a><\/p>\n<p><a href=\"https:\/\/www.ggs-richterich.de\/index.php\/ogs-horbach-3\/\">OGS Horbach<\/a><\/p>\n\n\n<p><\/p>\n\n\n\n<p><\/p>\n","protected":false},"excerpt":{"rendered":"<p>Liebe Eltern. Herzlich willkommen im Bereich der OGSen beider Standorte. Im Folgenden haben Sie hier die M\u00f6glichkeit, sich \u00fcber beide Betreuungsangebote zu informieren. Wir freuen uns \u00fcber einen pers\u00f6nlichen Besuch von Ihnen und Ihren Kindern. OGS Richterich Mittagsbetreuung OGS Horbach<\/p>\n","protected":false},"author":1,"featured_media":0,"parent":0,"menu_order":0,"comment_status":"closed","ping_status":"closed","template":"","meta":{"footnotes":""},"class_list":["post-58","page","type-page","status-publish","hentry"],"_links":{"self":[{"href":"https:\/\/www.ggs-richterich.de\/index.php\/wp-json\/wp\/v2\/pages\/58","targetHints":{"allow":["GET"]}}],"collection":[{"href":"https:\/\/www.ggs-richterich.de\/index.php\/wp-json\/wp\/v2\/pages"}],"about":[{"href":"https:\/\/www.ggs-richterich.de\/index.php\/wp-json\/wp\/v2\/types\/page"}],"author":[{"embeddable":true,"href":"https:\/\/www.ggs-richterich.de\/index.php\/wp-json\/wp\/v2\/users\/1"}],"replies":[{"embeddable":true,"href":"https:\/\/www.ggs-richterich.de\/index.php\/wp-json\/wp\/v2\/comments?post=58"}],"version-history":[{"count":12,"href":"https:\/\/www.ggs-richterich.de\/index.php\/wp-json\/wp\/v2\/pages\/58\/revisions"}],"predecessor-version":[{"id":2106,"href":"https:\/\/www.ggs-richterich.de\/index.php\/wp-json\/wp\/v2\/pages\/58\/revisions\/2106"}],"wp:attachment":[{"href":"https:\/\/www.ggs-richterich.de\/index.php\/wp-json\/wp\/v2\/media?parent=58"}],"curies":[{"name":"wp","href":"https:\/\/api.w.org\/{rel}","templated":true}]}}