{"id":57,"date":"2018-10-18T18:19:14","date_gmt":"2018-10-18T18:19:14","guid":{"rendered":"https:\/\/www.ggs-richterich.de\/?page_id=57"},"modified":"2025-11-28T09:09:33","modified_gmt":"2025-11-28T09:09:33","slug":"impressum","status":"publish","type":"page","link":"https:\/\/www.ggs-richterich.de\/index.php\/impressum\/","title":{"rendered":"Impressum"},"content":{"rendered":"<p><span style=\"font-family: Verdana;\"><span style=\"font-size: small;\"><b>Impressum<\/b><\/span><\/span><\/p>\n<p><span style=\"font-family: Verdana;\"><span style=\"font-size: small;\"><b><br \/>\nGesamtverantworklichkeit:<\/b><\/span><\/span><\/p>\n<p>Schulleiterin C. von den Hoff<br \/>\nSt\u00e4dtische Gemeinschaftsgrundschule Richterich mit katholischem Teilstandort Horbach<br \/>\nGr\u00fcnenthaler Str. 2<br \/>\n52072 Aachen<br \/>\nTel.: 0241 14590<br \/>\nFax: 0241 9800547<br \/>\nE-Mail:\u00a0<a href=\"mailto:ggs.richterich@mail.aachen.de\">ggs.richterich@mail.aachen.de<\/a><\/p>\n<p><span style=\"font-family: Verdana;\"><span style=\"font-size: small;\"><b>Schultr\u00e4ger<\/b><\/span><\/span><\/p>\n<p>Stadt Aachen<br \/>\nDer Oberb\u00fcrgermeister<br \/>\nDr. Michael Ziemons<br \/>\nMarkt<br \/>\n52062 Aachen<br \/>\nfon: 0241 432-7200<br \/>\nfax: 0241 432-8008<br \/>\nE-mail:\u00a0<a href=\"mailto:stadt.aachen@mail.aachen.de\">stadt.aachen@mail.aachen.de<\/a><br \/>\nUmsatzsteuer-Identifikationsnumer: DE 121689815<\/p>\n<p><span style=\"font-family: Verdana;\"><span style=\"font-size: small;\"><b>Technik und Software\u00a0<\/b><\/span><\/span><\/p>\n<p>Wir danken der Firma regio iT aachen, gesellschaft f\u00fcr informationstechnologie,\u00a0<a href=\"http:\/\/www.regioit-aachen.de\/\">www.regioit-aachen.de<\/a>\u00a0f\u00fcr Ihre Unterst\u00fctzung und die Bereitstellung des Webservers.<\/p>\n<p><span style=\"font-size: small; font-family: Verdana;\">Zur Darstellung unserer Webseiten empfehlen wir den Internetbrowser Firefox<\/span><\/p>\n<p><span style=\"font-size: small; font-family: Verdana;\">Zur Darstellung der Panoramabilder empfehlen wir Apple Quicktime<\/span><\/p>\n<p><span style=\"font-size: small; font-family: Verdana;\">Zur Darstellung der .pdf Dokumente empfehlen wir Adobe Reader<\/span><\/p>\n<p><span style=\"font-family: Verdana;\"><span style=\"font-size: small;\">QuickTime and the QuickTime Logo are trademarks of Apple Computer, Inc., registered in the U.S. and other countries. The Get QuickTime Badge is a trademark of Apple Computer Inc., used with permission.<\/span><\/span><\/p>\n<h3><\/h3>\n<h3><a name=\"111082884425246796\"><\/a><span style=\"font-family: Verdana;\"><span style=\"font-size: small;\">Haftungsausschluss\/Rechtliche Hinweise<\/span><\/span><\/h3>\n<p><span style=\"font-family: Verdana;\"><span style=\"font-size: small;\">Die GGS Richterich ist darum bem\u00fcht auf dieser Website nur vollst\u00e4ndige und richtige Informationen zu ver\u00f6ffentlichen. Eine Haftung oder Garantie f\u00fcr Aktualit\u00e4t, Richtigkeit und Vollst\u00e4ndigkeit der Informationen und Daten besteht ausschlie\u00dflich bei vors\u00e4tzlichem oder grob fahrl\u00e4ssigem pflichtwidrigen Verhalten des Providers. Eine Verantwortung f\u00fcr direkte oder indirekte Sch\u00e4den an Rechtsg\u00fctern von Nutzern, die durch Programmver\u00e4nderung oder -manipulation (insbesondere durch Viren) der Seiten der GGS Richterich und der durch Links verbundenen Seiten Dritter entstehen, besteht nicht.<\/span><\/span><\/p>\n<h2><span style=\"font-family: Verdana;\"><span style=\"font-size: small;\">Access Provider<\/span><\/span><\/h2>\n<p><span style=\"font-family: Verdana;\"><span style=\"font-size: small;\">F\u00fcr ausgewiesene Querverweise (Links) zu anderen Sites, auf die der Provider keinen Einfluss hat und f\u00fcr deren Inhalt die GGS Richterich keine Verantwortung tr\u00e4gt, gilt Folgendes:<\/span><\/span><\/p>\n<p><span style=\"font-family: Verdana;\"><span style=\"font-size: small;\">1) Die GGS Richterich erkl\u00e4rt ausdr\u00fccklich, dass zum Zeitpunkt einer Linksetzung die entsprechenden verlinkten Seiten frei von illegalen Inhalten waren. Der Herausgeber hat keinerlei Einfluss auf die aktuelle und zuk\u00fcnftige Gestaltung und auf die Inhalte der verkn\u00fcpften Seiten. Deshalb distanziert er sich hiermit ausdr\u00fccklich von allen Inhalten aller gelinkten Seiten, die nach der Linksetzung ver\u00e4ndert wurden. Diese Erkl\u00e4rung gilt f\u00fcr alle auf dieser Homepage ausgebrachten Links und f\u00fcr alle Inhalte der Seiten, zu denen Links oder Banner f\u00fchren.<\/span><\/span><\/p>\n<p><span style=\"font-family: Verdana;\"><span style=\"font-size: small;\">2) Die GGS Richterich haftet f\u00fcr fremde Informationen, die sie \u00fcbermittelt oder zu denen sie den Zugang zur Nutzung vermittelt, nur in den F\u00e4llen, in denen sie die \u00dcbermittlung veranlasst, den Adressaten der Informationen selbst ausgew\u00e4hlt oder die \u00fcbermittelten Informationen selbst ausgew\u00e4hlt oder ver\u00e4ndert hat. F\u00fcr Internetseiten Dritter, auf die per Hyperlink verwiesen wird, tragen die jeweiligen Anbieter die Verantwortung.<\/span><\/span><\/p>\n<h2><span style=\"font-family: Verdana;\"><span style=\"font-size: small;\">Host-Provider<\/span><\/span><\/h2>\n<p><span style=\"font-family: Verdana;\"><span style=\"font-size: small;\">F\u00fcr Informationen Dritter, die die GGS Richterich f\u00fcr einen Nutzer speichert, haftet diese nur bei ausdr\u00fccklicher Kenntnis von der Rechtswidrigkeit der gespeicherten Handlung oder Information oder bei Kenntnis von Tatsachen oder Umst\u00e4nden, aus denen die rechtswidrige Handlung oder Information offensichtlich wird. Die Haftung entf\u00e4llt ebenfalls, wenn die GGS Richterich nach Kenntniserlangung von der rechtswidrigen Information die unverz\u00fcgliche Entfernung oder Zugangssperrung veranlasst.<\/span><\/span><\/p>\n<h2><span style=\"font-family: Verdana;\"><span style=\"font-size: small;\">Cache-Provider<\/span><\/span><\/h2>\n<p><span style=\"font-family: Verdana;\"><span style=\"font-size: small;\">F\u00fcr eine zeitlich begrenzte, automatische Zwischenspeicherung, die allein dem beschleunigten Abruf von Informationen Dritter dient, ist die GGS Richterich nicht verantwortlich, soweit sie die Informationen nicht ver\u00e4ndert, die Bedingungen f\u00fcr den Informationszugang und die weithin anerkannten und verwendeten Industriestandards f\u00fcr die Regeln der Informationsaktualisierung beachtet, die erlaubte Anwendung von Technologien zur Datensammlung \u00fcber die Nutzung von Informationen, die in weithin anerkannten und verwendeten Industriestandards festgelegt sind, nicht beeintr\u00e4chtigt und unverz\u00fcglich handelt, um die gespeicherten Informationen zu entfernen oder den Zugang zu sperren, sobald sie Kenntnis von einer Entfernung der Informationen am urspr\u00fcnglichen Ausgangsort der \u00dcbertragung aus dem Netz oder ihrer Zugangssperrung oder der gerichtlichen oder verwaltungsbeh\u00f6rdlichen Anordnung der Entfernung oder Sperrung erhalten hat.<\/span><\/span><\/p>\n<p><span style=\"font-family: Verdana;\"><span style=\"font-size: small;\">Die GGS Richterich ist nicht verpflichtet, die von ihr \u00fcbermittelten oder gespeicherten Informationen zu \u00fcberwachen oder nach Umst\u00e4nden zu forschen, die auf eine rechtswidrige T\u00e4tigkeit hinweisen.<\/span><\/span><\/p>\n<p><span style=\"font-family: Verdana;\"><span style=\"font-size: small;\">S\u00e4mtliche Informationen oder Daten, deren Nutzung und die Anmeldung zur Website der GGS Richterich, sowie s\u00e4mtliches hiermit zusammenh\u00e4ngendes Tun, Dulden oder Unterlassen unterliegen nach dem Herkunftslandprinzip ausschlie\u00dflich deutschem Recht.<\/span><\/span><\/p>\n<h2><span style=\"font-family: Verdana;\"><span style=\"font-size: small;\">Rechtswirksamkeit des Haftungsausschlusses<\/span><\/span><\/h2>\n<p><span style=\"font-family: Verdana;\"><span style=\"font-size: small;\">Sofern Teile oder einzelne Formulierungen dieses Textes der geltenden Rechtslage nicht, nicht mehr oder nicht vollst\u00e4ndig entsprechen sollten, bleiben die \u00fcbrigen Teile des Dokumentes in ihrem Inhalt und ihrer G\u00fcltigkeit davon unber\u00fchrt.<\/span><\/span><\/p>\n","protected":false},"excerpt":{"rendered":"<p>Impressum Gesamtverantworklichkeit: Schulleiterin C. von den Hoff St\u00e4dtische Gemeinschaftsgrundschule Richterich mit katholischem Teilstandort Horbach Gr\u00fcnenthaler Str. 2 52072 Aachen Tel.: 0241 14590 Fax: 0241 9800547 E-Mail:\u00a0ggs.richterich@mail.aachen.de Schultr\u00e4ger Stadt Aachen Der Oberb\u00fcrgermeister Dr. Michael Ziemons Markt 52062 Aachen fon: 0241 432-7200 fax: 0241 432-8008 E-mail:\u00a0stadt.aachen@mail.aachen.de Umsatzsteuer-Identifikationsnumer: DE 121689815 Technik und Software\u00a0 Wir danken der Firma regio [&hellip;]<\/p>\n","protected":false},"author":1,"featured_media":0,"parent":0,"menu_order":0,"comment_status":"closed","ping_status":"closed","template":"","meta":{"footnotes":""},"class_list":["post-57","page","type-page","status-publish","hentry"],"_links":{"self":[{"href":"https:\/\/www.ggs-richterich.de\/index.php\/wp-json\/wp\/v2\/pages\/57","targetHints":{"allow":["GET"]}}],"collection":[{"href":"https:\/\/www.ggs-richterich.de\/index.php\/wp-json\/wp\/v2\/pages"}],"about":[{"href":"https:\/\/www.ggs-richterich.de\/index.php\/wp-json\/wp\/v2\/types\/page"}],"author":[{"embeddable":true,"href":"https:\/\/www.ggs-richterich.de\/index.php\/wp-json\/wp\/v2\/users\/1"}],"replies":[{"embeddable":true,"href":"https:\/\/www.ggs-richterich.de\/index.php\/wp-json\/wp\/v2\/comments?post=57"}],"version-history":[{"count":7,"href":"https:\/\/www.ggs-richterich.de\/index.php\/wp-json\/wp\/v2\/pages\/57\/revisions"}],"predecessor-version":[{"id":3589,"href":"https:\/\/www.ggs-richterich.de\/index.php\/wp-json\/wp\/v2\/pages\/57\/revisions\/3589"}],"wp:attachment":[{"href":"https:\/\/www.ggs-richterich.de\/index.php\/wp-json\/wp\/v2\/media?parent=57"}],"curies":[{"name":"wp","href":"https:\/\/api.w.org\/{rel}","templated":true}]}}