{"id":42,"date":"2018-10-18T18:19:14","date_gmt":"2018-10-18T18:19:14","guid":{"rendered":"https:\/\/www.ggs-richterich.de\/?page_id=42"},"modified":"2023-08-10T08:43:33","modified_gmt":"2023-08-10T08:43:33","slug":"kontakt","status":"publish","type":"page","link":"https:\/\/www.ggs-richterich.de\/index.php\/kontakt\/","title":{"rendered":"Kontakt Richterich"},"content":{"rendered":"\n<p><strong>Ansprechpartner:<br><br><\/strong>Herr Christian Schr\u00f6der<\/p>\n\n\n\n<p><\/p>\n\n\n\n<p><\/p>\n\n\n\n<p><strong>Postadresse<\/strong>:<br><br>F\u00f6rderverein der GGS Richterich<br><br>z.Hd. Herrn Christian Schr\u00f6der<br><br>Gr\u00fcnenthaler Str. 2<br><br>52072 Aachen<\/p>\n\n\n\n<p><strong>Mail<\/strong>:<br>Foerderverein@ggs-richterich.de<\/p>\n\n\n\n<p><\/p>\n\n\n\n<p><br><\/p>\n","protected":false},"excerpt":{"rendered":"<p>Ansprechpartner: Herr Christian Schr\u00f6der Postadresse: F\u00f6rderverein der GGS Richterich z.Hd. Herrn Christian Schr\u00f6der Gr\u00fcnenthaler Str. 2 52072 Aachen Mail:Foerderverein@ggs-richterich.de<\/p>\n","protected":false},"author":1,"featured_media":0,"parent":0,"menu_order":0,"comment_status":"closed","ping_status":"closed","template":"","meta":{"footnotes":""},"class_list":["post-42","page","type-page","status-publish","hentry"],"_links":{"self":[{"href":"https:\/\/www.ggs-richterich.de\/index.php\/wp-json\/wp\/v2\/pages\/42","targetHints":{"allow":["GET"]}}],"collection":[{"href":"https:\/\/www.ggs-richterich.de\/index.php\/wp-json\/wp\/v2\/pages"}],"about":[{"href":"https:\/\/www.ggs-richterich.de\/index.php\/wp-json\/wp\/v2\/types\/page"}],"author":[{"embeddable":true,"href":"https:\/\/www.ggs-richterich.de\/index.php\/wp-json\/wp\/v2\/users\/1"}],"replies":[{"embeddable":true,"href":"https:\/\/www.ggs-richterich.de\/index.php\/wp-json\/wp\/v2\/comments?post=42"}],"version-history":[{"count":14,"href":"https:\/\/www.ggs-richterich.de\/index.php\/wp-json\/wp\/v2\/pages\/42\/revisions"}],"predecessor-version":[{"id":3323,"href":"https:\/\/www.ggs-richterich.de\/index.php\/wp-json\/wp\/v2\/pages\/42\/revisions\/3323"}],"wp:attachment":[{"href":"https:\/\/www.ggs-richterich.de\/index.php\/wp-json\/wp\/v2\/media?parent=42"}],"curies":[{"name":"wp","href":"https:\/\/api.w.org\/{rel}","templated":true}]}}