{"id":313,"date":"2018-10-22T08:38:42","date_gmt":"2018-10-22T08:38:42","guid":{"rendered":"https:\/\/www.ggs-richterich.de\/?page_id=313"},"modified":"2025-11-24T11:52:43","modified_gmt":"2025-11-24T11:52:43","slug":"projekte","status":"publish","type":"page","link":"https:\/\/www.ggs-richterich.de\/index.php\/foerderverein\/projekte\/","title":{"rendered":"Projekte"},"content":{"rendered":"\n<p class=\"has-very-dark-gray-color has-text-color\"><strong>Projekte<\/strong><\/p>\n\n\n\n<p>Verein\nder Freunde und F\u00f6rderer der<br>Gemeinschaftsgrundschule Richterich\ne.V.<\/p>\n\n\n\n<p>Mit Hilfe der Mitgliedsbeitr\u00e4ge und weiteren Spenden konnte der Verein f\u00fcr die Schule und die OGS viele wichtige gro\u00dfe und kleine Anschaffungen erm\u00f6glichen.<\/p>\n\n\n\n<p><strong>Anschaffungen und Projekte f\u00fcr das Jahr 2026<\/strong><\/p>\n\n\n\n<p>Finanzierung unseres Zirkusprojektes &#8222;Zirkus Aron&#8220;  <\/p>\n\n\n\n<p><strong>Anschaffungen\/Projekte f\u00fcr das Jahr 2025<\/strong><\/p>\n\n\n\n<p>Unterst\u00fctzung bed\u00fcrftiger Kinder (Klassenkasse, Klassenfahrt, Unterrichtsmaterialien) <\/p>\n\n\n\n<p>100 \u20ac je Klasse<\/p>\n\n\n\n<p>Englischb\u00fccher &#8222;Come In&#8220; f\u00fcr den JG 3 <\/p>\n\n\n\n<p>F\u00fcr jedes Kind einen Weckmann\/ einen Nikolaus<\/p>\n\n\n\n<p>Fotowand f\u00fcr den Einschulungstag <\/p>\n\n\n\n<p>Gro\u00dfe JBL Box f\u00fcr die Turnhalle<\/p>\n\n\n\n<p>Busfahrt ins Bubenheimer Spieleland (Ausflug mit der Schulgemeinde)<\/p>\n\n\n\n<p>Sitztische<\/p>\n\n\n\n<p>Balancekissen<\/p>\n\n\n\n<p>B\u00fccher (Klassensatz &#8222;Mein 24. Dezember&#8220;, Literaturkartei)<\/p>\n\n\n\n<p>18 Logico Rahmen<\/p>\n\n\n\n<p>Logiokarten (Anlauttraining, Silbentraining, Grammatik 3\/4, \u00dcbungsbox Mathematik 2, Rechtschreiben 3\/4, Arithmetische Knobelleien, Knifflige Knobelleien, Clevere Sprachspiele, Geometrische Knobelleien) <\/p>\n\n\n\n<p><strong>Anschaffungen\/Projekte f\u00fcr das Jahr 2023<\/strong><\/p>\n\n\n\n<p>\u201eFels und Wasser\u201c (Anti-Mobbing und Selbstbehauptungstraining vom \u201eDAS DA\u201c \u2013 Theater f\u00fcr die 3. und 4. Klassen  <\/p>\n\n\n\n<p>Tanzprojekt f\u00fcr die Projektwoche<\/p>\n\n\n\n<p><strong>Anschaffungen\/Projekte f\u00fcr das Jahr 2022<\/strong><\/p>\n\n\n\n<p> \u201eFels und Wasser\u201c (Anti-Mobbing und Selbstbehauptungstraining vom \u201eDAS DA\u201c \u2013 Theater f\u00fcr die 3. und 4. Klassen <\/p>\n\n\n\n<p>100 \u20ac je Klasse <\/p>\n\n\n\n<p>Unterst\u00fctzung bed\u00fcrftiger Kinder (Klassenfahrten, Klassenkasse, Unterrichtsmaterialien) <\/p>\n\n\n\n<p>Schul-T-Shirts f\u00fcr Schulneulinge<\/p>\n\n\n\n<p>Weckm\u00e4nner und Nikol\u00e4use<\/p>\n\n\n\n<p>Unterrichtsmaterialien (Lernb\u00fcros, Logocoboxen und Logicorahmen)<\/p>\n\n\n\n<p>Klassenlekt\u00fcren (z. B. Hinter verzauberten Fenstern)<\/p>\n\n\n\n<p><strong>Anschaffungen\/Projekte f\u00fcr das Jahr 2021<\/strong> <\/p>\n\n\n\n<p>Finanzierung des Zirkusprojektes Circus Lollipop <\/p>\n\n\n\n<p>Unterst\u00fctzung bed\u00fcrftiger Kinder (Klassenfahrten, Klassenkasse, Unterrichtsmaterialien) <\/p>\n\n\n\n<p> 100 \u20ac je Klasse <\/p>\n\n\n\n<p> Weckm\u00e4nner und Nikol\u00e4use <\/p>\n\n\n\n<p> Unterrichtsmaterialien (TimeTex Uhren, Material f\u00fcr den Religionsunterricht) <\/p>\n\n\n\n<p> <strong>Anschaffungen\/Projekte f\u00fcr das Jahr 2020<\/strong><\/p>\n\n\n\n<p>Unterst\u00fctzung bed\u00fcrftiger Kinder (Klassenfahrten, Klassenkasse, Unterrichtsmaterialien) <\/p>\n\n\n\n<p> 50 \u20ac je Klasse <\/p>\n\n\n\n<p> Schul-T-Shirts f\u00fcr alle Sch\u00fcler*innen der Schule<\/p>\n\n\n\n<p><strong>Anschaffungen\/Projekte f\u00fcr das Jahr 2019<\/strong><\/p>\n\n\n\n<p> \u201eFels und Wasser\u201c (Anti-Mobbing und Selbstbehauptungstraining vom \u201eDAS DA\u201c \u2013 Theater f\u00fcr die 2. Klassen<\/p>\n\n\n\n<p>\n<strong>Folgende\nAusgaben\/Projekte werden durch den Verein in regelm\u00e4\u00dfiger Form\nfinanziert<\/strong><\/p>\n\n\n\n<p>Sally\n1 \/2 Activitybook<\/p>\n\n\n\n<p>Finanzielle\nUnterst\u00fctzung bei Klassenfahrten und Schulausfl\u00fcgen f\u00fcr\neinkommensschwache Familien<\/p>\n\n\n\n<p>Neuanschaffungen\nvon B\u00fcchern f\u00fcr die Schulbibliothek<\/p>\n\n\n\n<p>Teilfinanzierung des Schulausflugs der Schulgemeinschaft<\/p>\n\n\n\n<p>Chor-Projekt\nJeKisS (Musikschule Aachen)<\/p>\n\n\n\n<p><strong>Anschaffungen\/Projekte\nin 2018<\/strong><\/p>\n\n\n\n<p>Scooter Parkplatz<\/p>\n\n\n\n<p>Wackelsteg \n<\/p>\n\n\n\n<p>Ausstattung Ruheraum\nder OGS<\/p>\n\n\n\n<p>Spielzeug f\u00fcr die\nOGS<\/p>\n\n\n\n<p>Unterrichtsmaterial\n(Logico-\u00dcbungsboxen, Rechenrahmen, Prickelsets, Material f\u00fcr\nLaubs\u00e4gearbeiten)<\/p>\n\n\n\n<p>Ballwagen<\/p>\n\n\n\n<p>Material f\u00fcr die\nInstandsetzung der Sitzb\u00e4nke auf dem Schulhof<\/p>\n\n\n\n<p><strong>Anschaffungen\/Projekte\naus fr\u00fcheren Jahren (Auswahl)<\/strong><\/p>\n\n\n\n<p>Leuchtturm mit\nHolzschnitzeln zum Klettern f\u00fcr den Schulhof<\/p>\n\n\n\n<p>Fahrradst\u00e4nder<\/p>\n\n\n\n<p>Kopfh\u00f6rer f\u00fcr die\nSch\u00fclerInnen zur F\u00f6rderung der Konzentration bei den Hausaufgaben<\/p>\n\n\n\n<p>Popcornmaschine f\u00fcr\nSchulfeste<\/p>\n\n\n\n<p>\nFu\u00df-\nund Gymnastikb\u00e4lle mit Ballwagen zur Aufbewahrung f\u00fcr den\nSportunterricht<\/p>\n\n\n\n<p>\nSpielger\u00e4te\nf\u00fcr den Schulhof (z.B. Basketballkorb, Frisbeescheiben, Schwungtuch,\nSpringb\u00e4lle, Stockstelzen aus Holz, Tischtennis-Set, Federb\u00e4lle,\nKlettb\u00e4lle<\/p>\n\n\n\n<p>\nBeschallungsanlage\nund Funkmikrofon<\/p>\n","protected":false},"excerpt":{"rendered":"<p>Projekte Verein der Freunde und F\u00f6rderer derGemeinschaftsgrundschule Richterich e.V. Mit Hilfe der Mitgliedsbeitr\u00e4ge und weiteren Spenden konnte der Verein f\u00fcr die Schule und die OGS viele wichtige gro\u00dfe und kleine Anschaffungen erm\u00f6glichen. Anschaffungen und Projekte f\u00fcr das Jahr 2026 Finanzierung unseres Zirkusprojektes &#8222;Zirkus Aron&#8220; Anschaffungen\/Projekte f\u00fcr das Jahr 2025 Unterst\u00fctzung bed\u00fcrftiger Kinder (Klassenkasse, Klassenfahrt, Unterrichtsmaterialien) [&hellip;]<\/p>\n","protected":false},"author":1,"featured_media":0,"parent":59,"menu_order":0,"comment_status":"closed","ping_status":"closed","template":"","meta":{"footnotes":""},"class_list":["post-313","page","type-page","status-publish","hentry"],"_links":{"self":[{"href":"https:\/\/www.ggs-richterich.de\/index.php\/wp-json\/wp\/v2\/pages\/313","targetHints":{"allow":["GET"]}}],"collection":[{"href":"https:\/\/www.ggs-richterich.de\/index.php\/wp-json\/wp\/v2\/pages"}],"about":[{"href":"https:\/\/www.ggs-richterich.de\/index.php\/wp-json\/wp\/v2\/types\/page"}],"author":[{"embeddable":true,"href":"https:\/\/www.ggs-richterich.de\/index.php\/wp-json\/wp\/v2\/users\/1"}],"replies":[{"embeddable":true,"href":"https:\/\/www.ggs-richterich.de\/index.php\/wp-json\/wp\/v2\/comments?post=313"}],"version-history":[{"count":19,"href":"https:\/\/www.ggs-richterich.de\/index.php\/wp-json\/wp\/v2\/pages\/313\/revisions"}],"predecessor-version":[{"id":3588,"href":"https:\/\/www.ggs-richterich.de\/index.php\/wp-json\/wp\/v2\/pages\/313\/revisions\/3588"}],"up":[{"embeddable":true,"href":"https:\/\/www.ggs-richterich.de\/index.php\/wp-json\/wp\/v2\/pages\/59"}],"wp:attachment":[{"href":"https:\/\/www.ggs-richterich.de\/index.php\/wp-json\/wp\/v2\/media?parent=313"}],"curies":[{"name":"wp","href":"https:\/\/api.w.org\/{rel}","templated":true}]}}