{"id":219,"date":"2018-10-21T18:50:46","date_gmt":"2018-10-21T18:50:46","guid":{"rendered":"https:\/\/www.ggs-richterich.de\/?page_id=219"},"modified":"2025-08-26T06:19:52","modified_gmt":"2025-08-26T06:19:52","slug":"termine","status":"publish","type":"page","link":"https:\/\/www.ggs-richterich.de\/index.php\/termine\/","title":{"rendered":"Termine"},"content":{"rendered":"<p>Die unterrichtsfreien, die beweglichen Ferientage und die Ferienordnung unserer Schule f\u00fcr das Schuljahr 2025\/26 entnehmen Sie bitte der aktuellen Ferienordnung:<\/p>\n<p><a href=\"https:\/\/www.ggs-richterich.de\/wp-content\/uploads\/2025\/06\/Ferienordnung-25-26.pdf\">Ferienordnung 25-26<\/a><\/p>\n<p>Die Ferientermine der n\u00e4chsten Jahre f\u00fcr gesamt NRW finden Sie auf der Seite des Schulministeriums NRW.<\/p>\n<p><strong>Bitte beachten Sie: F\u00fcr unsere Schulkinder finden Sie alle wichtigen Termine im Sdui Kalender!<\/strong><\/p>\n<p><a href=\"https:\/\/www.ggs-richterich.de\/wp-content\/uploads\/2025\/08\/schulkalender-2025-2026-nrw-querformat.pdf\">schulkalender-2025-2026-nrw-querformat<\/a><\/p>\n<p>Unser Schulkalender zum Ausdruck ist Ihnen per Sdui zugegangen. Dieser wird nicht aktualisiert.<\/p>\n","protected":false},"excerpt":{"rendered":"<p>Die unterrichtsfreien, die beweglichen Ferientage und die Ferienordnung unserer Schule f\u00fcr das Schuljahr 2025\/26 entnehmen Sie bitte der aktuellen Ferienordnung: Ferienordnung 25-26 Die Ferientermine der n\u00e4chsten Jahre f\u00fcr gesamt NRW finden Sie auf der Seite des Schulministeriums NRW. Bitte beachten Sie: F\u00fcr unsere Schulkinder finden Sie alle wichtigen Termine im Sdui Kalender! schulkalender-2025-2026-nrw-querformat Unser Schulkalender [&hellip;]<\/p>\n","protected":false},"author":1,"featured_media":0,"parent":0,"menu_order":0,"comment_status":"closed","ping_status":"closed","template":"","meta":{"footnotes":""},"class_list":["post-219","page","type-page","status-publish","hentry"],"_links":{"self":[{"href":"https:\/\/www.ggs-richterich.de\/index.php\/wp-json\/wp\/v2\/pages\/219","targetHints":{"allow":["GET"]}}],"collection":[{"href":"https:\/\/www.ggs-richterich.de\/index.php\/wp-json\/wp\/v2\/pages"}],"about":[{"href":"https:\/\/www.ggs-richterich.de\/index.php\/wp-json\/wp\/v2\/types\/page"}],"author":[{"embeddable":true,"href":"https:\/\/www.ggs-richterich.de\/index.php\/wp-json\/wp\/v2\/users\/1"}],"replies":[{"embeddable":true,"href":"https:\/\/www.ggs-richterich.de\/index.php\/wp-json\/wp\/v2\/comments?post=219"}],"version-history":[{"count":49,"href":"https:\/\/www.ggs-richterich.de\/index.php\/wp-json\/wp\/v2\/pages\/219\/revisions"}],"predecessor-version":[{"id":3557,"href":"https:\/\/www.ggs-richterich.de\/index.php\/wp-json\/wp\/v2\/pages\/219\/revisions\/3557"}],"wp:attachment":[{"href":"https:\/\/www.ggs-richterich.de\/index.php\/wp-json\/wp\/v2\/media?parent=219"}],"curies":[{"name":"wp","href":"https:\/\/api.w.org\/{rel}","templated":true}]}}