{"id":207,"date":"2018-10-21T18:45:33","date_gmt":"2018-10-21T18:45:33","guid":{"rendered":"https:\/\/www.ggs-richterich.de\/?page_id=207"},"modified":"2025-11-28T09:16:23","modified_gmt":"2025-11-28T09:16:23","slug":"tag-der-offenen-tuer","status":"publish","type":"page","link":"https:\/\/www.ggs-richterich.de\/index.php\/aktuelles\/tag-der-offenen-tuer\/","title":{"rendered":"Tag der offenen T\u00fcr"},"content":{"rendered":"\n<p>Jedes Jahr rund um die Herbstferien laden wir an beiden Standorten zu unserem Tag der offenen T\u00fcr ein,<\/p>\n\n\n\n<p>im Schuljahr 2026\/27 findet unser Tag der offenen T\u00fcr voraussichtlich am<\/p>\n\n\n\n<h3 class=\"wp-block-heading\">Samstag, 10.10.2026 statt. <\/h3>\n\n\n\n<p>Alle wichtigen Informationen zum Tag der offenen T\u00fcr 2026 an beiden Standorten finden Sie nach den Sommerferien 2026 unter dem Punkt &#8222;Einschulung 2027&#8220;: <\/p>\n\n\n<hr \/>\n<p><!--more--><\/p>\n<p>Dar\u00fcber hinaus k\u00f6nnen Sie einen Eindruck beider Standorte in unseren Schulfilmen gewinnen, welche unsere Sch\u00fcler*innen mit viel Freude produziert haben. Viel Spa\u00df beim Anschauen!!<\/p>\n<p>herzliche Gr\u00fc\u00dfe\u00a0<\/p>\n<p>das Schulleitungsteam<\/p>\n\n\n<p><\/p>\n\n\n\n<p><\/p>\n","protected":false},"excerpt":{"rendered":"<p>Jedes Jahr rund um die Herbstferien laden wir an beiden Standorten zu unserem Tag der offenen T\u00fcr ein, im Schuljahr 2026\/27 findet unser Tag der offenen T\u00fcr voraussichtlich am Samstag, 10.10.2026 statt. Alle wichtigen Informationen zum Tag der offenen T\u00fcr 2026 an beiden Standorten finden Sie nach den Sommerferien 2026 unter dem Punkt &#8222;Einschulung 2027&#8220;:<\/p>\n","protected":false},"author":1,"featured_media":0,"parent":200,"menu_order":0,"comment_status":"closed","ping_status":"closed","template":"","meta":{"footnotes":""},"class_list":["post-207","page","type-page","status-publish","hentry"],"_links":{"self":[{"href":"https:\/\/www.ggs-richterich.de\/index.php\/wp-json\/wp\/v2\/pages\/207","targetHints":{"allow":["GET"]}}],"collection":[{"href":"https:\/\/www.ggs-richterich.de\/index.php\/wp-json\/wp\/v2\/pages"}],"about":[{"href":"https:\/\/www.ggs-richterich.de\/index.php\/wp-json\/wp\/v2\/types\/page"}],"author":[{"embeddable":true,"href":"https:\/\/www.ggs-richterich.de\/index.php\/wp-json\/wp\/v2\/users\/1"}],"replies":[{"embeddable":true,"href":"https:\/\/www.ggs-richterich.de\/index.php\/wp-json\/wp\/v2\/comments?post=207"}],"version-history":[{"count":35,"href":"https:\/\/www.ggs-richterich.de\/index.php\/wp-json\/wp\/v2\/pages\/207\/revisions"}],"predecessor-version":[{"id":3593,"href":"https:\/\/www.ggs-richterich.de\/index.php\/wp-json\/wp\/v2\/pages\/207\/revisions\/3593"}],"up":[{"embeddable":true,"href":"https:\/\/www.ggs-richterich.de\/index.php\/wp-json\/wp\/v2\/pages\/200"}],"wp:attachment":[{"href":"https:\/\/www.ggs-richterich.de\/index.php\/wp-json\/wp\/v2\/media?parent=207"}],"curies":[{"name":"wp","href":"https:\/\/api.w.org\/{rel}","templated":true}]}}