{"id":177,"date":"2018-10-21T18:30:00","date_gmt":"2018-10-21T18:30:00","guid":{"rendered":"https:\/\/www.ggs-richterich.de\/?page_id=177"},"modified":"2023-06-16T09:02:54","modified_gmt":"2023-06-16T09:02:54","slug":"wir-stellen-uns-vor","status":"publish","type":"page","link":"https:\/\/www.ggs-richterich.de\/index.php\/startseite\/wir-stellen-uns-vor\/","title":{"rendered":"Wir stellen uns vor"},"content":{"rendered":"<p align=\"CENTER\"><span style=\"color: #737f85;\"><span style=\"font-family: Arial, sans-serif;\"><span style=\"font-size: medium;\"><b>Wir wollen gemeinsam Schule machen!<\/b><\/span><\/span><\/span><\/p>\n<p align=\"JUSTIFY\"><span style=\"color: #737f85;\"><span style=\"font-family: Arial, sans-serif;\"><span style=\"font-size: medium;\">An der <\/span><\/span><\/span><span style=\"color: #737f85;\"><span style=\"font-family: Arial, sans-serif;\"><span style=\"font-size: medium;\"><b>GGS Richterich mit katholischem Teilstandort Horbach <\/b><\/span><\/span><\/span><span style=\"color: #737f85;\"><span style=\"font-family: Arial, sans-serif;\"><span style=\"font-size: medium;\">er\u00f6ffnen wir Ihnen und Ihren Kindern vielf\u00e4ltige M\u00f6glichkeiten.<\/span><\/span><\/span><\/p>\n<p align=\"JUSTIFY\"><span style=\"color: #737f85;\"><span style=\"font-family: Arial, sans-serif;\"><span style=\"font-size: medium;\">Wir, das sind die etwa 300 Kinder, die Lehrkr\u00e4fte und Lehramtsanw\u00e4rterinnen, eine Schulsozialarbeiterin, das p\u00e4dagogische Personal der nachunterrichtlichen Betreuung und nat\u00fcrlich unsere Sekret\u00e4rin und unsere Hausmeister an den Standorten in Richterich und Horbach.<\/span><\/span><\/span><\/p>\n<p align=\"JUSTIFY\"><span style=\"color: #737f85;\"><span style=\"font-family: Arial, sans-serif;\"><span style=\"font-size: medium;\">Am <\/span><\/span><\/span><span style=\"color: #737f85;\"><span style=\"font-family: Arial, sans-serif;\"><span style=\"font-size: medium;\"><b>Standort Richterich <\/b><\/span><\/span><\/span><span style=\"color: #737f85;\"><span style=\"font-family: Arial, sans-serif;\"><span style=\"font-size: medium;\">werden die Kinder jahrgangsbezogen unterrichtet. In den Klassen wird gemeinsam gelebt, mit- und voneinander gelernt und jedem Kind die M\u00f6glichkeit gegeben, sich individuell zu entwickeln.<\/span><\/span><\/span><\/p>\n<p align=\"JUSTIFY\"><span style=\"color: #737f85;\"><span style=\"font-family: Arial, sans-serif;\"><span style=\"font-size: medium;\">Am <\/span><\/span><\/span><span style=\"color: #737f85;\"><span style=\"font-family: Arial, sans-serif;\"><span style=\"font-size: medium;\"><b>Standort Horbach <\/b><\/span><\/span><\/span><span style=\"color: #999999;\"><span style=\"font-family: Arial, sans-serif;\"><span style=\"font-size: medium;\">l<\/span><\/span><\/span><span style=\"color: #808080;\"><span style=\"font-family: Arial, sans-serif;\"><span style=\"font-size: medium;\">ernen die Kinder in jahrgangs\u00fcbergreifenden Lerngruppen aus allen vier Schulstufen mit- und voneinander. Das Schulle<\/span><\/span><\/span><span style=\"color: #737f85;\"><span style=\"font-family: Arial, sans-serif;\"><span style=\"font-size: medium;\">ben ist gepr\u00e4gt von gemeinsamen sowie individuellen Lernangeboten.<\/span><\/span><\/span><\/p>\n<p align=\"JUSTIFY\"><span style=\"color: #737f85;\"><span style=\"font-family: Arial, sans-serif;\"><span style=\"font-size: medium;\">An beiden Standorten kann ihr Kind in einer offenen und zugewandten Atmosph\u00e4re wachsen, lernen, sich entwickeln und entfalten, um am Ende seiner Grundschulzeit gest\u00e4rkt und motiviert neue Wege zu gehen.<\/span><\/span><\/span><\/p>\n<p align=\"JUSTIFY\"><span style=\"color: #737f85;\"><span style=\"font-family: Arial, sans-serif;\"><span style=\"font-size: medium;\">Gemeinsam Schule machen, bedeutet f\u00fcr uns, dass wir mit Ihnen ins Gespr\u00e4ch kommen und Sie sich vielfach aktiv einbringen k\u00f6nnen. Und es bedeutet, dass unsere Kinder die M\u00f6glichkeit bekommen, das Leben und Lernen vor Ort durch ihre individuellen St\u00e4rken und F\u00e4higkeiten zu bereichern und aktiv mitzugestalten.<\/span><\/span><\/span><\/p>\n<p align=\"JUSTIFY\"><span style=\"color: #737f85;\"><span style=\"font-family: Arial, sans-serif;\"><span style=\"font-size: medium;\">Gerne d\u00fcrfen Sie sich vor Ort einen Eindruck von unserer Schule machen. Wir freuen uns auf Sie!<\/span><\/span><\/span><\/p>\n<p align=\"JUSTIFY\"><span style=\"color: #737f85;\"><span style=\"font-family: Arial, sans-serif;\"><span style=\"font-size: medium;\">Im Namen aller Mitarbeiterinnen und Mitarbeiter gr\u00fc\u00dfen Sie herzlich<\/span><\/span><\/span><\/p>\n<p align=\"JUSTIFY\"><span style=\"color: #737f85;\"><span style=\"font-family: Arial, sans-serif;\"><span style=\"font-size: medium;\">C. von den Hoff, M. Hartmann <\/span><\/span><\/span><\/p>\n<p align=\"JUSTIFY\"><span style=\"color: #737f85;\"><span style=\"font-family: Arial, sans-serif;\"><span style=\"font-size: medium;\">Schulleitungsteam<\/span><\/span><\/span><\/p>\n","protected":false},"excerpt":{"rendered":"<p>Wir wollen gemeinsam Schule machen! An der GGS Richterich mit katholischem Teilstandort Horbach er\u00f6ffnen wir Ihnen und Ihren Kindern vielf\u00e4ltige M\u00f6glichkeiten. Wir, das sind die etwa 300 Kinder, die Lehrkr\u00e4fte und Lehramtsanw\u00e4rterinnen, eine Schulsozialarbeiterin, das p\u00e4dagogische Personal der nachunterrichtlichen Betreuung und nat\u00fcrlich unsere Sekret\u00e4rin und unsere Hausmeister an den Standorten in Richterich und Horbach. Am [&hellip;]<\/p>\n","protected":false},"author":1,"featured_media":0,"parent":40,"menu_order":0,"comment_status":"closed","ping_status":"closed","template":"","meta":{"footnotes":""},"class_list":["post-177","page","type-page","status-publish","hentry"],"_links":{"self":[{"href":"https:\/\/www.ggs-richterich.de\/index.php\/wp-json\/wp\/v2\/pages\/177","targetHints":{"allow":["GET"]}}],"collection":[{"href":"https:\/\/www.ggs-richterich.de\/index.php\/wp-json\/wp\/v2\/pages"}],"about":[{"href":"https:\/\/www.ggs-richterich.de\/index.php\/wp-json\/wp\/v2\/types\/page"}],"author":[{"embeddable":true,"href":"https:\/\/www.ggs-richterich.de\/index.php\/wp-json\/wp\/v2\/users\/1"}],"replies":[{"embeddable":true,"href":"https:\/\/www.ggs-richterich.de\/index.php\/wp-json\/wp\/v2\/comments?post=177"}],"version-history":[{"count":10,"href":"https:\/\/www.ggs-richterich.de\/index.php\/wp-json\/wp\/v2\/pages\/177\/revisions"}],"predecessor-version":[{"id":3320,"href":"https:\/\/www.ggs-richterich.de\/index.php\/wp-json\/wp\/v2\/pages\/177\/revisions\/3320"}],"up":[{"embeddable":true,"href":"https:\/\/www.ggs-richterich.de\/index.php\/wp-json\/wp\/v2\/pages\/40"}],"wp:attachment":[{"href":"https:\/\/www.ggs-richterich.de\/index.php\/wp-json\/wp\/v2\/media?parent=177"}],"curies":[{"name":"wp","href":"https:\/\/api.w.org\/{rel}","templated":true}]}}