{"id":1161,"date":"2019-09-30T13:55:34","date_gmt":"2019-09-30T13:55:34","guid":{"rendered":"https:\/\/www.ggs-richterich.de\/?page_id=1161"},"modified":"2025-09-26T06:59:50","modified_gmt":"2025-09-26T06:59:50","slug":"formulare-schulneulinge","status":"publish","type":"page","link":"https:\/\/www.ggs-richterich.de\/index.php\/formulare-schulneulinge\/","title":{"rendered":"Formulare  f\u00fcr Schulneulinge"},"content":{"rendered":"<p><a href=\"https:\/\/www.ggs-richterich.de\/wp-content\/uploads\/2021\/02\/Kriterien-Schulfaehigkeit-Handout.pdf\">Kriterien Schulf\u00e4higkeit-Handout<\/a><\/p>\n<p><a href=\"https:\/\/www.ggs-richterich.de\/wp-content\/uploads\/2025\/06\/Auf-dem-Weg-zum-Schulkind-2026.pdf\">Auf dem Weg zum Schulkind 2026<\/a><\/p>\n\n\n<p class=\"has-text-align-center\">____________________________<\/p>\n\n\n\n<p>Hier die wichtigsten Informationen f\u00fcr Sie in K\u00fcrze zur <strong>Anmeldung<\/strong> &#8211; Sie finden an den entsprechenden Stellen die Formulare verlinkt:<\/p>\n\n\n\n<p><\/p>\n\n\n\n<p><strong>Bringen Sie zum Anmeldetermin Folgendes mit:<\/strong> <\/p>\n\n\n\n<ul class=\"wp-block-list\">\n<li>Ihr <strong>Kind&nbsp;<\/strong><\/li>\n\n\n\n<li>ca. <strong>20 \u2013 40 Minuten Zeit<\/strong><\/li>\n\n\n\n<li>die <strong>Geburtsbescheinigung<\/strong> und den <strong>Impfausweis <\/strong>Ihres Kindes<\/li>\n\n\n\n<li>Ihren <strong>Personalausweis<\/strong><\/li>\n\n\n\n<li>falls nur ein Elternteil anmeldet eine unterschriebene <a href=\"https:\/\/www.ggs-richterich.de\/wp-content\/uploads\/2019\/09\/Vollmacht.pdf\">Vollmacht<\/a> mit der Einverst\u00e4ndnis zur Anmeldung<\/li>\n\n\n\n<li><strong>ausgef\u00fcllte <\/strong><a href=\"https:\/\/www.ggs-richterich.de\/wp-content\/uploads\/2024\/09\/Datenschutz-allgemein.pdf\">Datenschutzerkl\u00e4rung<\/a> mit allen Unterschriften<\/li>\n\n\n\n<li>das <strong>Anmeldeschreiben der Stadt Aachen&nbsp;<\/strong><\/li>\n\n\n\n<li>ein <strong>aktuelles Foto<\/strong> Ihres Kindes<\/li>\n\n\n\n<li><strong>BaSiK Bogen<\/strong> (in der Kita erfragen) <\/li>\n\n\n\n<li>bitte lesen Sie vorab unseren <a href=\"https:\/\/www.ggs-richterich.de\/wp-content\/uploads\/2024\/09\/Leitfaden-der-GGS-Richterich-mit-Teilstandort-Horbach.pdf\" data-type=\"URL\" data-id=\"https:\/\/www.ggs-richterich.de\/wp-content\/uploads\/2024\/09\/Leitfaden-der-GGS-Richterich-mit-Teilstandort-Horbach.pdf\">Leitfaden<\/a> und best\u00e4tigen Sie deren<a href=\"https:\/\/www.ggs-richterich.de\/wp-content\/uploads\/2025\/09\/Kenntnisnahme-Eltern-Haus-und-Schulordnung-2.pdf\"> Kenntnis und Umsetzung<\/a><\/li>\n<\/ul>\n\n\n\n<p>W\u00e4hrend Sie als Eltern die Anmeldeformalit\u00e4ten \u00fcbernehmen, hat eine Kollegin aus dem Team der GGS Richterich\/Horbach Zeit f\u00fcr Ihr Kind.<\/p>\n\n\n\n<p>In einem anschlie\u00dfenden Gespr\u00e4ch erfahren Sie alles Wichtige!<\/p>\n\n\n\n<p><br><\/p>\n\n\n\n<p><a href=\"https:\/\/www.ggs-richterich.de\/wp-content\/uploads\/2018\/11\/Datenschutz-allgemein.pdf\"><\/a><\/p>\n","protected":false},"excerpt":{"rendered":"<p>Kriterien Schulf\u00e4higkeit-Handout Auf dem Weg zum Schulkind 2026 ____________________________ Hier die wichtigsten Informationen f\u00fcr Sie in K\u00fcrze zur Anmeldung &#8211; Sie finden an den entsprechenden Stellen die Formulare verlinkt: Bringen Sie zum Anmeldetermin Folgendes mit: W\u00e4hrend Sie als Eltern die Anmeldeformalit\u00e4ten \u00fcbernehmen, hat eine Kollegin aus dem Team der GGS Richterich\/Horbach Zeit f\u00fcr Ihr Kind. [&hellip;]<\/p>\n","protected":false},"author":1,"featured_media":0,"parent":0,"menu_order":0,"comment_status":"closed","ping_status":"closed","template":"","meta":{"footnotes":""},"class_list":["post-1161","page","type-page","status-publish","hentry"],"_links":{"self":[{"href":"https:\/\/www.ggs-richterich.de\/index.php\/wp-json\/wp\/v2\/pages\/1161","targetHints":{"allow":["GET"]}}],"collection":[{"href":"https:\/\/www.ggs-richterich.de\/index.php\/wp-json\/wp\/v2\/pages"}],"about":[{"href":"https:\/\/www.ggs-richterich.de\/index.php\/wp-json\/wp\/v2\/types\/page"}],"author":[{"embeddable":true,"href":"https:\/\/www.ggs-richterich.de\/index.php\/wp-json\/wp\/v2\/users\/1"}],"replies":[{"embeddable":true,"href":"https:\/\/www.ggs-richterich.de\/index.php\/wp-json\/wp\/v2\/comments?post=1161"}],"version-history":[{"count":40,"href":"https:\/\/www.ggs-richterich.de\/index.php\/wp-json\/wp\/v2\/pages\/1161\/revisions"}],"predecessor-version":[{"id":3577,"href":"https:\/\/www.ggs-richterich.de\/index.php\/wp-json\/wp\/v2\/pages\/1161\/revisions\/3577"}],"wp:attachment":[{"href":"https:\/\/www.ggs-richterich.de\/index.php\/wp-json\/wp\/v2\/media?parent=1161"}],"curies":[{"name":"wp","href":"https:\/\/api.w.org\/{rel}","templated":true}]}}