{"id":1137,"date":"2019-09-30T13:03:49","date_gmt":"2019-09-30T13:03:49","guid":{"rendered":"https:\/\/www.ggs-richterich.de\/?page_id=1137"},"modified":"2025-08-28T12:53:47","modified_gmt":"2025-08-28T12:53:47","slug":"anmeldung-schulneulinge","status":"publish","type":"page","link":"https:\/\/www.ggs-richterich.de\/index.php\/anmeldung-schulneulinge\/","title":{"rendered":"Anmeldung Schulneulinge"},"content":{"rendered":"\n<p>Liebe Eltern der <strong>Vorschulkinder 2026\/2027<\/strong>,&nbsp;<\/p>\n\n\n\n<p>wir freuen uns \u00fcber Ihr Interesse an unserer Schule!<\/p>\n\n\n\n<p>F\u00fcr erste Informationen findet am <strong>23.09.2025 um 20.00 Uhr eine Informationsveranstaltung <\/strong>in der Pausenhalle der GGS Richterich, Gr\u00fcnenthaler Str. 2, 52072 Aachen statt.<\/p>\n\n\n\n<figure class=\"wp-block-gallery has-nested-images columns-default is-cropped wp-block-gallery-1 is-layout-flex wp-block-gallery-is-layout-flex\"><\/figure>\n\n\n\n<p>Unser Tag der <strong>offenen T\u00fcr findet am Samstag, 27.09.2025<\/strong> statt. <\/p>\n\n\n\n<p>Zur besseren Planung bitten wir um vorherige Anmeldung (ab Elternabend am 23.09.2025 m\u00f6glich). <\/p>\n\n\n\n<p><strong>Wir freuen uns auf Ihren Besuch! <\/strong><\/p>\n\n\n\n<p><\/p>\n\n\n<p>Einen \u00dcbersichtsplan zu allen Terminen finden Sie <a href=\"https:\/\/www.ggs-richterich.de\/wp-content\/uploads\/2025\/08\/Auf-dem-Weg-zum-Schulkind-2026.pdf\">hier<\/a>.<\/p>\n<p>Alle weiteren Informationen zur Anmeldung erhalten Sie vor Ort und unter unserer Rubrik <a href=\"https:\/\/www.ggs-richterich.de\/index.php\/formulare-schulneulinge\/\">Formulare f\u00fcr Schulneulinge<\/a>.<\/p>\n\n\n<p>Bis dahin w\u00fcnsche ich Ihnen eine angenehme Zeit und freue mich, Sie bald mit Ihren Kindern in der Schule begr\u00fc\u00dfen zu d\u00fcrfen.&nbsp;<\/p>\n\n\n\n<p>Herzliche Gr\u00fc\u00dfe&nbsp;<\/p>\n\n\n\n<p>gez. Claudia von den Hoff (Schulleiterin)&nbsp;<\/p>\n","protected":false},"excerpt":{"rendered":"<p>Liebe Eltern der Vorschulkinder 2026\/2027,&nbsp; wir freuen uns \u00fcber Ihr Interesse an unserer Schule! F\u00fcr erste Informationen findet am 23.09.2025 um 20.00 Uhr eine Informationsveranstaltung in der Pausenhalle der GGS Richterich, Gr\u00fcnenthaler Str. 2, 52072 Aachen statt. Unser Tag der offenen T\u00fcr findet am Samstag, 27.09.2025 statt. Zur besseren Planung bitten wir um vorherige Anmeldung [&hellip;]<\/p>\n","protected":false},"author":1,"featured_media":0,"parent":0,"menu_order":0,"comment_status":"closed","ping_status":"closed","template":"","meta":{"footnotes":""},"class_list":["post-1137","page","type-page","status-publish","hentry"],"_links":{"self":[{"href":"https:\/\/www.ggs-richterich.de\/index.php\/wp-json\/wp\/v2\/pages\/1137","targetHints":{"allow":["GET"]}}],"collection":[{"href":"https:\/\/www.ggs-richterich.de\/index.php\/wp-json\/wp\/v2\/pages"}],"about":[{"href":"https:\/\/www.ggs-richterich.de\/index.php\/wp-json\/wp\/v2\/types\/page"}],"author":[{"embeddable":true,"href":"https:\/\/www.ggs-richterich.de\/index.php\/wp-json\/wp\/v2\/users\/1"}],"replies":[{"embeddable":true,"href":"https:\/\/www.ggs-richterich.de\/index.php\/wp-json\/wp\/v2\/comments?post=1137"}],"version-history":[{"count":31,"href":"https:\/\/www.ggs-richterich.de\/index.php\/wp-json\/wp\/v2\/pages\/1137\/revisions"}],"predecessor-version":[{"id":3560,"href":"https:\/\/www.ggs-richterich.de\/index.php\/wp-json\/wp\/v2\/pages\/1137\/revisions\/3560"}],"wp:attachment":[{"href":"https:\/\/www.ggs-richterich.de\/index.php\/wp-json\/wp\/v2\/media?parent=1137"}],"curies":[{"name":"wp","href":"https:\/\/api.w.org\/{rel}","templated":true}]}}